{"id":243511,"date":"2023-03-02T12:44:04","date_gmt":"2023-03-02T12:44:04","guid":{"rendered":"http:\/\/biomasanavarra.com\/?page_id=243511"},"modified":"2023-04-05T09:45:23","modified_gmt":"2023-04-05T09:45:23","slug":"aceite-artajo","status":"publish","type":"page","link":"https:\/\/biomasanavarra.com\/eu\/casos-de-exito\/aceite-artajo\/","title":{"rendered":"ACEITE ARTAJO"},"content":{"rendered":"<p>[et_pb_section fb_built=&#8221;1&#8243; next_background_color=&#8221;#ffffff&#8221; _builder_version=&#8221;4.19.1&#8243; _module_preset=&#8221;default&#8221; background_enable_color=&#8221;off&#8221; use_background_color_gradient=&#8221;on&#8221; background_color_gradient_stops=&#8221;rgba(255,206,0,0) 20%|#a5c400 100%&#8221; custom_padding=&#8221;24px||67px|||&#8221; bottom_divider_style=&#8221;curve&#8221; locked=&#8221;off&#8221; global_colors_info=&#8221;{}&#8221;][et_pb_row _builder_version=&#8221;4.19.1&#8243; _module_preset=&#8221;default&#8221; custom_padding=&#8221;||36px|||&#8221; global_colors_info=&#8221;{}&#8221;][et_pb_column type=&#8221;4_4&#8243; _builder_version=&#8221;4.19.1&#8243; _module_preset=&#8221;default&#8221; global_colors_info=&#8221;{}&#8221;][et_pb_post_title meta=&#8221;off&#8221; featured_image=&#8221;off&#8221; _builder_version=&#8221;4.19.1&#8243; _module_preset=&#8221;default&#8221; text_orientation=&#8221;center&#8221; global_colors_info=&#8221;{}&#8221;][\/et_pb_post_title][\/et_pb_column][\/et_pb_row][\/et_pb_section][et_pb_section fb_built=&#8221;1&#8243; _builder_version=&#8221;4.19.1&#8243; _module_preset=&#8221;default&#8221; global_colors_info=&#8221;{}&#8221;][et_pb_row column_structure=&#8221;1_2,1_2&#8243; _builder_version=&#8221;4.19.1&#8243; _module_preset=&#8221;default&#8221; global_colors_info=&#8221;{}&#8221;][et_pb_column type=&#8221;1_2&#8243; _builder_version=&#8221;4.19.1&#8243; _module_preset=&#8221;default&#8221; global_colors_info=&#8221;{}&#8221;][et_pb_gallery gallery_ids=&#8221;242969,242963,242954,242957,242960,242966&#8243; fullwidth=&#8221;on&#8221; _builder_version=&#8221;4.19.1&#8243; _module_preset=&#8221;default&#8221; global_colors_info=&#8221;{}&#8221;][\/et_pb_gallery][\/et_pb_column][et_pb_column type=&#8221;1_2&#8243; _builder_version=&#8221;4.19.1&#8243; _module_preset=&#8221;default&#8221; global_colors_info=&#8221;{}&#8221;][et_pb_text _builder_version=&#8221;4.19.1&#8243; _module_preset=&#8221;default&#8221; global_colors_info=&#8221;{}&#8221;]<\/p>\n<h2>Biomasa Galdara Aceite Artajo-n<\/h2>\n<p>Aceite Artajo enpresa familiarra da eta oliba-olio birjina estra egin eta saltzen du. <strong>Egunez egun kalitatea hobetzearekin konprometiturik<\/strong>, olibondoz landutako 250 hektareatan lan egiten du, bai eta bere jabetza berean kokaturiko almazara edo olio-errotan ere, Fontellasko dermioan.<\/p>\n<p>Kalitatearekin konprometituak egoteaz gain, Ingurumena errespetatzeko konpromisoa ere hartua dute; hori dela eta, <strong>2017an propano-galdara aldatu eta, haren ordez, biomasa-galdara bat jartzea erabaki zuten. <\/strong>Horrela, oliba-hezurra erregai gisa erabil zezaketen, horrela ere zirkulartasuna ixteko.<\/p>\n<p>Horrek inbertsio garrantzitsua eragin du, baina baita erregai aurrezpena ere, eta hura epe laburrean amortizatu ahal izan duten; ondorioz, gaur egun, haien erregai gastua txiki-txikia da eta <strong>aldaketarekin poz-pozik dabiltza<\/strong>.<\/p>\n<p>[\/et_pb_text][\/et_pb_column][\/et_pb_row][\/et_pb_section][et_pb_section fb_built=&#8221;1&#8243; _builder_version=&#8221;4.19.1&#8243; _module_preset=&#8221;default&#8221; background_color=&#8221;rgba(165,196,0,0.07)&#8221; custom_padding=&#8221;40px|||||&#8221; locked=&#8221;off&#8221; global_colors_info=&#8221;{}&#8221;][et_pb_row _builder_version=&#8221;4.19.1&#8243; _module_preset=&#8221;default&#8221; global_colors_info=&#8221;{}&#8221;][et_pb_column type=&#8221;4_4&#8243; _builder_version=&#8221;4.19.1&#8243; _module_preset=&#8221;default&#8221; global_colors_info=&#8221;{}&#8221;][et_pb_text _builder_version=&#8221;4.19.1&#8243; _module_preset=&#8221;default&#8221; global_colors_info=&#8221;{}&#8221;]<\/p>\n<h3 style=\"text-align: center;\">Interesatzen zaizu? Enpresa horiek bezalakoa izan nahi baduzu, jarri harremanetan Biomasa Navarrarekin<\/h3>\n<p>[\/et_pb_text][\/et_pb_column][\/et_pb_row][et_pb_row column_structure=&#8221;1_3,2_3&#8243; _builder_version=&#8221;4.19.1&#8243; _module_preset=&#8221;default&#8221; global_colors_info=&#8221;{}&#8221;][et_pb_column type=&#8221;1_3&#8243; _builder_version=&#8221;4.19.1&#8243; _module_preset=&#8221;default&#8221; global_colors_info=&#8221;{}&#8221;][et_pb_text _builder_version=&#8221;4.19.1&#8243; _module_preset=&#8221;default&#8221; text_text_color=&#8221;#FFFFFF&#8221; header_text_color=&#8221;#FFFFFF&#8221; header_3_text_color=&#8221;#FFFFFF&#8221; header_3_line_height=&#8221;1.7em&#8221; header_4_line_height=&#8221;1.2em&#8221; header_5_line_height=&#8221;1.4em&#8221; use_background_color_gradient=&#8221;on&#8221; background_color_gradient_stops=&#8221;#a5c400 0%|#009d30 100%&#8221; custom_margin=&#8221;15px||||false|false&#8221; custom_padding=&#8221;24px|34px|24px|26px|false|false&#8221; border_radii=&#8221;on|7px|7px|7px|7px&#8221; box_shadow_style=&#8221;preset3&#8243; locked=&#8221;off&#8221; global_colors_info=&#8221;{}&#8221;]<\/p>\n<h3><strong>Utzi zure datuak eta zurekin harremanetan jarriko gara.<\/strong><\/h3>\n<p>[\/et_pb_text][\/et_pb_column][et_pb_column type=&#8221;2_3&#8243; _builder_version=&#8221;4.19.1&#8243; _module_preset=&#8221;default&#8221; background_color=&#8221;#FFFFFF&#8221; custom_padding=&#8221;20px|40px|20px|40px|true|true&#8221; border_radii=&#8221;on|9px|9px|9px|9px&#8221; box_shadow_style=&#8221;preset1&#8243; box_shadow_horizontal=&#8221;11px&#8221; box_shadow_vertical=&#8221;13px&#8221; box_shadow_blur=&#8221;26px&#8221; box_shadow_spread=&#8221;-1px&#8221; global_colors_info=&#8221;{}&#8221;][et_pb_code _builder_version=&#8221;4.19.1&#8243; _module_preset=&#8221;default&#8221; hover_enabled=&#8221;0&#8243; global_colors_info=&#8221;{}&#8221; sticky_enabled=&#8221;0&#8243;]<div class=\"wpforms-container wpforms-container-full\" id=\"wpforms-243611\"><form id=\"wpforms-form-243611\" class=\"wpforms-validate wpforms-form wpforms-ajax-form\" data-formid=\"243611\" method=\"post\" enctype=\"multipart\/form-data\" action=\"\/eu\/wp-json\/wp\/v2\/pages\/243511\" data-token=\"2e389f9fb22ce49a53b5182510338879\" data-token-time=\"1776863851\"><noscript class=\"wpforms-error-noscript\">Please enable JavaScript in your browser to complete this form.<\/noscript><div class=\"wpforms-field-container\"><div id=\"wpforms-243611-field_0-container\" class=\"wpforms-field wpforms-field-name\" data-field-id=\"0\"><label class=\"wpforms-field-label\">Izena <span class=\"wpforms-required-label\">*<\/span><\/label><div class=\"wpforms-field-row wpforms-field-medium\"><div class=\"wpforms-field-row-block wpforms-first wpforms-one-half\"><input type=\"text\" id=\"wpforms-243611-field_0\" class=\"wpforms-field-name-first wpforms-field-required\" name=\"wpforms[fields][0][first]\" required><label for=\"wpforms-243611-field_0\" class=\"wpforms-field-sublabel after\">First<\/label><\/div><div class=\"wpforms-field-row-block wpforms-one-half\"><input type=\"text\" id=\"wpforms-243611-field_0-last\" class=\"wpforms-field-name-last wpforms-field-required\" name=\"wpforms[fields][0][last]\" required><label for=\"wpforms-243611-field_0-last\" class=\"wpforms-field-sublabel after\">Last<\/label><\/div><\/div><\/div><div id=\"wpforms-243611-field_3-container\" class=\"wpforms-field wpforms-field-number\" data-field-id=\"3\"><label class=\"wpforms-field-label\" for=\"wpforms-243611-field_3\">Telefono-zenbaki <span class=\"wpforms-required-label\">*<\/span><\/label><input type=\"number\" id=\"wpforms-243611-field_3\" class=\"wpforms-field-medium wpforms-field-required\" name=\"wpforms[fields][3]\" step=\"any\" required><\/div><div id=\"wpforms-243611-field_1-container\" class=\"wpforms-field wpforms-field-email\" data-field-id=\"1\"><label class=\"wpforms-field-label\" for=\"wpforms-243611-field_1\">Posta elektronikoa <span class=\"wpforms-required-label\">*<\/span><\/label><input type=\"email\" id=\"wpforms-243611-field_1\" class=\"wpforms-field-medium wpforms-field-required\" name=\"wpforms[fields][1]\" spellcheck=\"false\" required><\/div><div id=\"wpforms-243611-field_2-container\" class=\"wpforms-field wpforms-field-textarea\" data-field-id=\"2\"><label class=\"wpforms-field-label\" for=\"wpforms-243611-field_2\">Iruzkina edo mezua<\/label><textarea id=\"wpforms-243611-field_2\" class=\"wpforms-field-medium\" name=\"wpforms[fields][2]\" ><\/textarea><\/div><\/div><!-- .wpforms-field-container --><div class=\"wpforms-submit-container\" ><input type=\"hidden\" name=\"wpforms[id]\" value=\"243611\"><input type=\"hidden\" name=\"page_title\" value=\"\"><input type=\"hidden\" name=\"page_url\" value=\"https:\/\/biomasanavarra.com\/eu\/wp-json\/wp\/v2\/pages\/243511\"><input type=\"hidden\" name=\"url_referer\" value=\"\"><button type=\"submit\" name=\"wpforms[submit]\" id=\"wpforms-submit-243611\" class=\"wpforms-submit\" data-alt-text=\"Enviando...\" data-submit-text=\"Bidali\" aria-live=\"assertive\" value=\"wpforms-submit\">Bidali<\/button><img loading=\"lazy\" decoding=\"async\" src=\"https:\/\/biomasanavarra.com\/wp-content\/plugins\/wpforms-lite\/assets\/images\/submit-spin.svg\" class=\"wpforms-submit-spinner\" style=\"display: none;\" width=\"26\" height=\"26\" alt=\"Loading\"><\/div><\/form><\/div>  <!-- .wpforms-container -->[\/et_pb_code][\/et_pb_column][\/et_pb_row][\/et_pb_section]<\/p>\n","protected":false},"excerpt":{"rendered":"<p>Biomasa Galdara Aceite Artajo-n Aceite Artajo enpresa familiarra da eta oliba-olio birjina estra egin eta saltzen du. Egunez egun kalitatea hobetzearekin konprometiturik, olibondoz landutako 250 hektareatan lan egiten du, bai eta bere jabetza berean kokaturiko almazara edo olio-errotan ere, Fontellasko dermioan. Kalitatearekin konprometituak egoteaz gain, Ingurumena errespetatzeko konpromisoa ere hartua dute; hori dela eta, 2017an [&hellip;]<\/p>\n","protected":false},"author":2,"featured_media":0,"parent":243506,"menu_order":0,"comment_status":"closed","ping_status":"closed","template":"","meta":{"_acf_changed":false,"_et_pb_use_builder":"on","_et_pb_old_content":"<p>[et_pb_section fb_built=\"1\" next_background_color=\"#ffffff\" _builder_version=\"4.19.1\" _module_preset=\"default\" background_enable_color=\"off\" use_background_color_gradient=\"on\" background_color_gradient_stops=\"rgba(255,206,0,0) 20%|#a5c400 100%\" custom_padding=\"24px||67px|||\" bottom_divider_style=\"curve\" locked=\"off\" global_colors_info=\"{}\"][et_pb_row _builder_version=\"4.19.1\" _module_preset=\"default\" custom_padding=\"||36px|||\" global_colors_info=\"{}\"][et_pb_column type=\"4_4\" _builder_version=\"4.19.1\" _module_preset=\"default\" global_colors_info=\"{}\"][et_pb_post_title meta=\"off\" featured_image=\"off\" _builder_version=\"4.19.1\" _module_preset=\"default\" text_orientation=\"center\" global_colors_info=\"{}\"][\/et_pb_post_title][\/et_pb_column][\/et_pb_row][\/et_pb_section][et_pb_section fb_built=\"1\" _builder_version=\"4.19.1\" _module_preset=\"default\" global_colors_info=\"{}\"][et_pb_row column_structure=\"1_2,1_2\" _builder_version=\"4.19.1\" _module_preset=\"default\" global_colors_info=\"{}\"][et_pb_column type=\"1_2\" _builder_version=\"4.19.1\" _module_preset=\"default\" global_colors_info=\"{}\"][et_pb_gallery gallery_ids=\"242968,242962,242953,242956,242959,242965\" fullwidth=\"on\" _builder_version=\"4.19.1\" _module_preset=\"default\" global_colors_info=\"{}\"][\/et_pb_gallery][\/et_pb_column][et_pb_column type=\"1_2\" _builder_version=\"4.19.1\" _module_preset=\"default\" global_colors_info=\"{}\"][et_pb_text _builder_version=\"4.19.1\" _module_preset=\"default\" global_colors_info=\"{}\"]<\/p><h2>Caldera de Biomasa en Aceite Artajo<\/h2><p>Aceite Artajo es una empresa familiar que produce y comercializa aceite de oliva virgen extra. <strong>Comprometida con la mejora de la calidad d\u00eda tras d\u00eda<\/strong>, trabaja en sus 250 hect\u00e1reas cultivadas de olivos y su almazara ubicada en su misma propiedad, en el t\u00e9rmino de Fontellas.<\/p><p>No solo comprometidos con la calidad sino tambi\u00e9n con el respecto al Medio Ambiente, <strong>decidieron en el a\u00f1o 2017 cambiar su caldera de propano por una caldera de biomasa.<\/strong> De esta manera, pod\u00edan utilizar el hueso de la aceituna como combustible y de esta manera cerrar la circularidad.<\/p><p>Esto ha tra\u00eddo una inversi\u00f3n importante, pero tambi\u00e9n un ahorro de combustible que a corto plazo han podido amortizar y en la actualidad, su gasto en combustible es m\u00ednimo y <strong>su satisfacci\u00f3n con el cambio, m\u00e1xima.<\/strong><\/p><p>[\/et_pb_text][\/et_pb_column][\/et_pb_row][\/et_pb_section][et_pb_section fb_built=\"1\" _builder_version=\"4.19.1\" _module_preset=\"default\" background_color=\"rgba(165,196,0,0.07)\" custom_padding=\"40px|||||\" locked=\"off\" global_colors_info=\"{}\"][et_pb_row _builder_version=\"4.19.1\" _module_preset=\"default\" global_colors_info=\"{}\"][et_pb_column type=\"4_4\" _builder_version=\"4.19.1\" _module_preset=\"default\" global_colors_info=\"{}\"][et_pb_text _builder_version=\"4.19.1\" _module_preset=\"default\" global_colors_info=\"{}\"]<\/p><h3 style=\"text-align: center;\">\u00bfTe interesa? Si quieres ser como estas empresas contacta con Biomasa Navarra<\/h3><p>[\/et_pb_text][\/et_pb_column][\/et_pb_row][et_pb_row column_structure=\"1_3,2_3\" _builder_version=\"4.19.1\" _module_preset=\"default\" global_colors_info=\"{}\"][et_pb_column type=\"1_3\" _builder_version=\"4.19.1\" _module_preset=\"default\" global_colors_info=\"{}\"][et_pb_text _builder_version=\"4.19.1\" _module_preset=\"default\" text_text_color=\"#FFFFFF\" header_text_color=\"#FFFFFF\" header_3_text_color=\"#FFFFFF\" header_3_line_height=\"1.7em\" header_4_line_height=\"1.2em\" header_5_line_height=\"1.4em\" use_background_color_gradient=\"on\" background_color_gradient_stops=\"#a5c400 0%|#009d30 100%\" custom_margin=\"15px||||false|false\" custom_padding=\"24px|34px|24px|26px|false|false\" border_radii=\"on|7px|7px|7px|7px\" box_shadow_style=\"preset3\" locked=\"off\" global_colors_info=\"{}\"]<\/p><h3><strong>D\u00e9janos tus datos y nos pondremos en contacto contigo.<\/strong><\/h3><p>[\/et_pb_text][\/et_pb_column][et_pb_column type=\"2_3\" _builder_version=\"4.19.1\" _module_preset=\"default\" background_color=\"#FFFFFF\" custom_padding=\"20px|40px|20px|40px|true|true\" border_radii=\"on|9px|9px|9px|9px\" box_shadow_style=\"preset1\" box_shadow_horizontal=\"11px\" box_shadow_vertical=\"13px\" box_shadow_blur=\"26px\" box_shadow_spread=\"-1px\" global_colors_info=\"{}\"][et_pb_code _builder_version=\"4.19.1\" _module_preset=\"default\" global_colors_info=\"{}\"][wpforms id=\"242670\"][\/et_pb_code][\/et_pb_column][\/et_pb_row][\/et_pb_section][et_pb_section fb_built=\"1\" _builder_version=\"4.16\" locked=\"off\" global_colors_info=\"{}\" global_module=\"243292\" theme_builder_area=\"post_content\"][et_pb_row column_structure=\"1_4,1_4,1_2\" _builder_version=\"4.19.1\" _module_preset=\"default\" global_colors_info=\"{}\" theme_builder_area=\"post_content\"][et_pb_column type=\"1_4\" _builder_version=\"4.19.1\" _module_preset=\"default\" global_colors_info=\"{}\" theme_builder_area=\"post_content\"][et_pb_image src=\"http:\/\/biomasanavarra.com\/wp-content\/uploads\/2022\/11\/BIOMASA2.png\" title_text=\"BIOMASA2\" _builder_version=\"4.19.1\" _module_preset=\"default\" width=\"80%\" locked=\"off\" global_colors_info=\"{}\" theme_builder_area=\"post_content\"][\/et_pb_image][\/et_pb_column][et_pb_column type=\"1_4\" _builder_version=\"4.19.1\" _module_preset=\"default\" global_colors_info=\"{}\" theme_builder_area=\"post_content\"][et_pb_image src=\"http:\/\/biomasanavarra.com\/wp-content\/uploads\/2023\/01\/GOB-Navarra-Agenda-2030.png\" title_text=\"GOB-Navarra-Agenda-2030\" _builder_version=\"4.19.1\" _module_preset=\"default\" locked=\"off\" global_colors_info=\"{}\" theme_builder_area=\"post_content\"][\/et_pb_image][\/et_pb_column][et_pb_column type=\"1_2\" _builder_version=\"4.19.1\" _module_preset=\"default\" global_colors_info=\"{}\" theme_builder_area=\"post_content\"][et_pb_button button_text=\"CONTACTA CON BIOMASA NAVARRA\" button_alignment=\"center\" _builder_version=\"4.19.1\" _module_preset=\"default\" custom_button=\"on\" button_text_color=\"#FFFFFF\" button_bg_color=\"#F08A00\" button_border_width=\"0px\" button_border_radius=\"7px\" animation_style=\"zoom\" animation_duration=\"400ms\" box_shadow_style=\"preset3\" box_shadow_spread=\"-12px\" box_shadow_color=\"rgba(112,112,112,0.3)\" locked=\"off\" global_colors_info=\"{}\" theme_builder_area=\"post_content\"][\/et_pb_button][et_pb_social_media_follow _builder_version=\"4.19.1\" _module_preset=\"default\" text_orientation=\"center\" locked=\"off\" global_colors_info=\"{}\" theme_builder_area=\"post_content\"][et_pb_social_media_follow_network social_network=\"linkedin\" url=\"https:\/\/www.linkedin.com\/company\/desarrolloecononiconavarra\/\" _builder_version=\"4.19.1\" _module_preset=\"default\" background_color=\"#007bb6\" global_colors_info=\"{}\" theme_builder_area=\"post_content\" follow_button=\"off\" url_new_window=\"on\"]linkedin[\/et_pb_social_media_follow_network][\/et_pb_social_media_follow][\/et_pb_column][\/et_pb_row][\/et_pb_section]<\/p>","_et_gb_content_width":"","footnotes":""},"class_list":["post-243511","page","type-page","status-publish","hentry"],"acf":[],"_links":{"self":[{"href":"https:\/\/biomasanavarra.com\/eu\/wp-json\/wp\/v2\/pages\/243511","targetHints":{"allow":["GET"]}}],"collection":[{"href":"https:\/\/biomasanavarra.com\/eu\/wp-json\/wp\/v2\/pages"}],"about":[{"href":"https:\/\/biomasanavarra.com\/eu\/wp-json\/wp\/v2\/types\/page"}],"author":[{"embeddable":true,"href":"https:\/\/biomasanavarra.com\/eu\/wp-json\/wp\/v2\/users\/2"}],"replies":[{"embeddable":true,"href":"https:\/\/biomasanavarra.com\/eu\/wp-json\/wp\/v2\/comments?post=243511"}],"version-history":[{"count":5,"href":"https:\/\/biomasanavarra.com\/eu\/wp-json\/wp\/v2\/pages\/243511\/revisions"}],"predecessor-version":[{"id":243618,"href":"https:\/\/biomasanavarra.com\/eu\/wp-json\/wp\/v2\/pages\/243511\/revisions\/243618"}],"up":[{"embeddable":true,"href":"https:\/\/biomasanavarra.com\/eu\/wp-json\/wp\/v2\/pages\/243506"}],"wp:attachment":[{"href":"https:\/\/biomasanavarra.com\/eu\/wp-json\/wp\/v2\/media?parent=243511"}],"curies":[{"name":"wp","href":"https:\/\/api.w.org\/{rel}","templated":true}]}}