{"id":243137,"date":"2023-01-26T15:31:25","date_gmt":"2023-01-26T15:31:25","guid":{"rendered":"http:\/\/biomasanavarra.com\/?page_id=243137"},"modified":"2023-03-22T13:59:03","modified_gmt":"2023-03-22T13:59:03","slug":"deducciones-fiscales","status":"publish","type":"page","link":"https:\/\/biomasanavarra.com\/eu\/deducciones-fiscales\/","title":{"rendered":"Deducciones fiscales"},"content":{"rendered":"<p>[et_pb_section fb_built=&#8221;1&#8243; next_background_color=&#8221;#ffffff&#8221; _builder_version=&#8221;4.19.1&#8243; _module_preset=&#8221;default&#8221; background_enable_color=&#8221;off&#8221; use_background_color_gradient=&#8221;on&#8221; background_color_gradient_stops=&#8221;rgba(255,206,0,0) 20%|#a5c400 100%&#8221; custom_padding=&#8221;24px||67px|||&#8221; bottom_divider_style=&#8221;curve&#8221; locked=&#8221;off&#8221; global_colors_info=&#8221;{}&#8221;][et_pb_row column_structure=&#8221;2_5,3_5&#8243; _builder_version=&#8221;4.19.1&#8243; _module_preset=&#8221;default&#8221; custom_padding=&#8221;||36px|||&#8221; global_colors_info=&#8221;{}&#8221;][et_pb_column type=&#8221;2_5&#8243; _builder_version=&#8221;4.19.1&#8243; _module_preset=&#8221;default&#8221; global_colors_info=&#8221;{}&#8221;][et_pb_image src=&#8221;http:\/\/biomasanavarra.com\/wp-content\/uploads\/2022\/12\/ayudas-.gif&#8221; title_text=&#8221;ayudas-&#8221; align=&#8221;center&#8221; _builder_version=&#8221;4.19.1&#8243; _module_preset=&#8221;default&#8221; width=&#8221;38%&#8221; global_colors_info=&#8221;{}&#8221;][\/et_pb_image][\/et_pb_column][et_pb_column type=&#8221;3_5&#8243; _builder_version=&#8221;4.19.1&#8243; _module_preset=&#8221;default&#8221; global_colors_info=&#8221;{}&#8221;][et_pb_post_title meta=&#8221;off&#8221; featured_image=&#8221;off&#8221; _builder_version=&#8221;4.19.1&#8243; _module_preset=&#8221;default&#8221; global_colors_info=&#8221;{}&#8221;][\/et_pb_post_title][\/et_pb_column][\/et_pb_row][\/et_pb_section][et_pb_section fb_built=&#8221;1&#8243; _builder_version=&#8221;4.19.1&#8243; _module_preset=&#8221;default&#8221; global_colors_info=&#8221;{}&#8221;][et_pb_row column_structure=&#8221;2_5,3_5&#8243; _builder_version=&#8221;4.19.1&#8243; _module_preset=&#8221;default&#8221; global_colors_info=&#8221;{}&#8221;][et_pb_column type=&#8221;2_5&#8243; _builder_version=&#8221;4.19.1&#8243; _module_preset=&#8221;default&#8221; global_colors_info=&#8221;{}&#8221;][\/et_pb_column][et_pb_column type=&#8221;3_5&#8243; _builder_version=&#8221;4.19.1&#8243; _module_preset=&#8221;default&#8221; global_colors_info=&#8221;{}&#8221;][et_pb_text _builder_version=&#8221;4.19.1&#8243; _module_preset=&#8221;default&#8221; global_colors_info=&#8221;{}&#8221;]<\/p>\n<h2><b>Dirigido a<\/b><\/h2>\n<ul>\n<li style=\"font-weight: 400;\" aria-level=\"1\"><span style=\"font-weight: 400;\">Personas f\u00edsicas y aut\u00f3nomas: Deducci\u00f3n a trav\u00e9s del impuesto de la renta para las personas f\u00edsicas (IRPF).<\/span><\/li>\n<li style=\"font-weight: 400;\" aria-level=\"1\"><span style=\"font-weight: 400;\">Empresas y personas jur\u00eddicas: Deducci\u00f3n a trav\u00e9s del Impuesto de Sociedades (IS).<\/span><\/li>\n<\/ul>\n<p>&nbsp;<\/p>\n<h2><b>Porcentaje de deducci\u00f3n<\/b><span style=\"font-weight: 400;\">\u00a0<\/span><\/h2>\n<p><span style=\"font-weight: 400;\">La deducci\u00f3n general es del 15%<\/span><\/p>\n<p><span style=\"font-weight: 400;\">Se puede aumentar este porcentaje en los siguientes supuestos:<\/span><\/p>\n<ul>\n<li style=\"font-weight: 400;\" aria-level=\"1\"><span style=\"font-weight: 400;\">Si se trata de instalaciones t\u00e9rmicas conectadas a calefacci\u00f3n\/ACS (+5%)<\/span><\/li>\n<li style=\"font-weight: 400;\" aria-level=\"1\"><span style=\"font-weight: 400;\">Si es comunidad de vecinos (+5%)<\/span><\/li>\n<li style=\"font-weight: 400;\" aria-level=\"1\"><span style=\"font-weight: 400;\">Si es microrred con dos fuentes de EERR (+5%)<\/span><\/li>\n<li style=\"font-weight: 400;\" aria-level=\"1\"><span style=\"font-weight: 400;\">Si no genera emisiones de gases efecto invernadero (+10%)<\/span><\/li>\n<li style=\"font-weight: 400;\" aria-level=\"1\"><span style=\"font-weight: 400;\">Si lleva almacenamiento (+10%)<\/span><\/li>\n<\/ul>\n<p><span style=\"font-weight: 400;\">En cualquier caso, la deducci\u00f3n m\u00e1xima acumulada no puede superar el 30%.<\/span><\/p>\n<p>&nbsp;<\/p>\n<h2><b>Documentaci\u00f3n a presentar<\/b><\/h2>\n<p><span style=\"font-weight: 400;\">Es necesario disponer de un informe emitido por el Servicio de Transici\u00f3n Energ\u00e9tica.<\/span><\/p>\n<p><strong>El procedimiento para obtenerlo es:<\/strong><\/p>\n<p><span style=\"font-weight: 400;\">1.- Instancia (presencial o telem\u00e1tica) al Servicio de Transici\u00f3n Energ\u00e9tica.<\/span><\/p>\n<p><span style=\"font-weight: 400;\">2.- Documentaci\u00f3n adjuntada a la instancia:<\/span><\/p>\n<ul>\n<li style=\"font-weight: 400;\" aria-level=\"1\"><span style=\"font-weight: 400;\">Impreso de solicitud<\/span><\/li>\n<li style=\"font-weight: 400;\" aria-level=\"1\"><span style=\"font-weight: 400;\">Factura DESGLOSADA<\/span><\/li>\n<li style=\"font-weight: 400;\" aria-level=\"1\"><span style=\"font-weight: 400;\">Justificante bancario de pago<\/span><\/li>\n<li style=\"font-weight: 400;\" aria-level=\"1\"><span style=\"font-weight: 400;\">Fichas t\u00e9cnicas<\/span><\/li>\n<li style=\"font-weight: 400;\" aria-level=\"1\"><span style=\"font-weight: 400;\">Fotos<\/span><span style=\"font-weight: 400;\"><br \/>\n<\/span><span style=\"font-weight: 400;\">Registro de instalaciones de BT o t\u00e9rmicas, si procede.<\/span><\/li>\n<\/ul>\n<p>&nbsp;<\/p>\n<h2><b>Cu\u00e1ndo se aplica la deducci\u00f3n<\/b><\/h2>\n<p><b>Deducci\u00f3n IRPF: Se deduce cuando se FACTURA.<\/b><\/p>\n<ul>\n<li style=\"font-weight: 400;\" aria-level=\"1\"><span style=\"font-weight: 400;\">La suma de las bases de deducciones no podr\u00e1 exceder del 25 por 100 de la base liquidable del sujeto pasivo.<\/span><\/li>\n<li style=\"font-weight: 400;\" aria-level=\"1\"><span style=\"font-weight: 400;\">Las cantidades no deducidas por exceder del l\u00edmite se\u00f1alado en el p\u00e1rrafo anterior o por insuficiencia de cuota podr\u00e1n aplicarse, respetando el mencionado l\u00edmite, en los periodos impositivos que finalicen en los cuatro ejercicios siguientes.<\/span><\/li>\n<\/ul>\n<p><b>Deducci\u00f3n Impuesto de Sociedades: Se deduce cuando se produce la entrada en funcionamiento del bien.<\/b><\/p>\n<ul>\n<li style=\"font-weight: 400;\" aria-level=\"1\"><span style=\"font-weight: 400;\">Si hay insuficiencia de cuota deducible se puede aplicar la deducci\u00f3n durante los durante15 a\u00f1os inmediatos y sucesivos.<\/span><\/li>\n<\/ul>\n<p>[\/et_pb_text][et_pb_button button_url=&#8221;https:\/\/www.navarra.es\/es\/tramites\/on\/-\/line\/Informe-de-inversiones-en-instalaciones-de-energias-renovables-y-en-sistemas-de-recarga&#8221; button_text=&#8221;ACCEDE A LA FICHA WEB&#8221; button_alignment=&#8221;center&#8221; _builder_version=&#8221;4.19.1&#8243; _module_preset=&#8221;default&#8221; custom_button=&#8221;on&#8221; button_text_size=&#8221;14px&#8221; button_text_color=&#8221;#FFFFFF&#8221; button_bg_color=&#8221;#F08A00&#8243; button_border_width=&#8221;0px&#8221; button_border_radius=&#8221;50px&#8221; button_letter_spacing=&#8221;1px&#8221; button_font=&#8221;Poppins|||on|||||&#8221; button_icon=&#8221;&#x24;||divi||400&#8243; custom_padding=&#8221;9px|27px|9px|27px|true|true&#8221; box_shadow_style=&#8221;preset1&#8243; box_shadow_horizontal=&#8221;3px&#8221; box_shadow_vertical=&#8221;3px&#8221; box_shadow_blur=&#8221;15px&#8221; locked=&#8221;off&#8221; global_colors_info=&#8221;{}&#8221; box_shadow_horizontal__hover_enabled=&#8221;off|hover&#8221; box_shadow_vertical__hover_enabled=&#8221;off|hover&#8221; box_shadow_blur__hover_enabled=&#8221;off|hover&#8221;][\/et_pb_button][\/et_pb_column][\/et_pb_row][\/et_pb_section]<\/p>\n","protected":false},"excerpt":{"rendered":"<p>Dirigido a Personas f\u00edsicas y aut\u00f3nomas: Deducci\u00f3n a trav\u00e9s del impuesto de la renta para las personas f\u00edsicas (IRPF). Empresas y personas jur\u00eddicas: Deducci\u00f3n a trav\u00e9s del Impuesto de Sociedades (IS). &nbsp; Porcentaje de deducci\u00f3n\u00a0 La deducci\u00f3n general es del 15% Se puede aumentar este porcentaje en los siguientes supuestos: Si se trata de instalaciones [&hellip;]<\/p>\n","protected":false},"author":2,"featured_media":0,"parent":0,"menu_order":0,"comment_status":"closed","ping_status":"closed","template":"","meta":{"_acf_changed":false,"_et_pb_use_builder":"on","_et_pb_old_content":"<p>[et_pb_section fb_built=\"1\" next_background_color=\"#ffffff\" _builder_version=\"4.19.1\" _module_preset=\"default\" background_enable_color=\"off\" use_background_color_gradient=\"on\" background_color_gradient_stops=\"rgba(255,206,0,0) 20%|#a5c400 100%\" custom_padding=\"24px||67px|||\" bottom_divider_style=\"curve\" locked=\"off\" global_colors_info=\"{}\"][et_pb_row column_structure=\"2_5,3_5\" _builder_version=\"4.19.1\" _module_preset=\"default\" custom_padding=\"||36px|||\" global_colors_info=\"{}\"][et_pb_column type=\"2_5\" _builder_version=\"4.19.1\" _module_preset=\"default\" global_colors_info=\"{}\"][et_pb_image src=\"http:\/\/biomasanavarra.com\/wp-content\/uploads\/2022\/12\/ayudas-.gif\" title_text=\"ayudas-\" align=\"center\" _builder_version=\"4.19.1\" _module_preset=\"default\" width=\"38%\" global_colors_info=\"{}\"][\/et_pb_image][\/et_pb_column][et_pb_column type=\"3_5\" _builder_version=\"4.19.1\" _module_preset=\"default\" global_colors_info=\"{}\"][et_pb_post_title meta=\"off\" featured_image=\"off\" _builder_version=\"4.19.1\" _module_preset=\"default\" hover_enabled=\"0\" global_colors_info=\"{}\" sticky_enabled=\"0\"][\/et_pb_post_title][\/et_pb_column][\/et_pb_row][\/et_pb_section][et_pb_section fb_built=\"1\" _builder_version=\"4.19.1\" _module_preset=\"default\" global_colors_info=\"{}\"][et_pb_row column_structure=\"2_5,3_5\" _builder_version=\"4.19.1\" _module_preset=\"default\" global_colors_info=\"{}\"][et_pb_column type=\"2_5\" _builder_version=\"4.19.1\" _module_preset=\"default\" global_colors_info=\"{}\"][\/et_pb_column][et_pb_column type=\"3_5\" _builder_version=\"4.19.1\" _module_preset=\"default\" global_colors_info=\"{}\"][et_pb_text _builder_version=\"4.19.1\" _module_preset=\"default\" hover_enabled=\"0\" global_colors_info=\"{}\" sticky_enabled=\"0\"]<\/p><h2><b>Dirigido a<\/b><\/h2><ul><li style=\"font-weight: 400;\" aria-level=\"1\"><span style=\"font-weight: 400;\">Personas f\u00edsicas y aut\u00f3nomas: Deducci\u00f3n a trav\u00e9s del impuesto de la renta para las personas f\u00edsicas (IRPF).<\/span><\/li><li style=\"font-weight: 400;\" aria-level=\"1\"><span style=\"font-weight: 400;\">Empresas y personas jur\u00eddicas: Deducci\u00f3n a trav\u00e9s del Impuesto de Sociedades (IS).<\/span><\/li><\/ul><p>\u00a0<\/p><h2><b>Porcentaje de deducci\u00f3n<\/b><span style=\"font-weight: 400;\">\u00a0<\/span><\/h2><p><span style=\"font-weight: 400;\">La deducci\u00f3n general es del 15%<\/span><\/p><p><span style=\"font-weight: 400;\">Se puede aumentar este porcentaje en los siguientes supuestos:<\/span><\/p><ul><li style=\"font-weight: 400;\" aria-level=\"1\"><span style=\"font-weight: 400;\">Si se trata de instalaciones t\u00e9rmicas conectadas a calefacci\u00f3n\/ACS (+5%)<\/span><\/li><li style=\"font-weight: 400;\" aria-level=\"1\"><span style=\"font-weight: 400;\">Si es comunidad de vecinos (+5%)<\/span><\/li><li style=\"font-weight: 400;\" aria-level=\"1\"><span style=\"font-weight: 400;\">Si es microrred con dos fuentes de EERR (+5%)<\/span><\/li><li style=\"font-weight: 400;\" aria-level=\"1\"><span style=\"font-weight: 400;\">Si no genera emisiones de gases efecto invernadero (+10%)<\/span><\/li><li style=\"font-weight: 400;\" aria-level=\"1\"><span style=\"font-weight: 400;\">Si lleva almacenamiento (+10%)<\/span><\/li><\/ul><p><span style=\"font-weight: 400;\">En cualquier caso, la deducci\u00f3n m\u00e1xima acumulada no puede superar el 30%.<\/span><\/p><p>\u00a0<\/p><h2><b>Documentaci\u00f3n a presentar<\/b><\/h2><p><span style=\"font-weight: 400;\">Es necesario disponer de un informe emitido por el Servicio de Transici\u00f3n Energ\u00e9tica.<\/span><\/p><p><strong>El procedimiento para obtenerlo es:<\/strong><\/p><p><span style=\"font-weight: 400;\">1.- Instancia (presencial o telem\u00e1tica) al Servicio de Transici\u00f3n Energ\u00e9tica.<\/span><\/p><p><span style=\"font-weight: 400;\">2.- Documentaci\u00f3n adjuntada a la instancia:<\/span><\/p><ul><li style=\"font-weight: 400;\" aria-level=\"1\"><span style=\"font-weight: 400;\">Impreso de solicitud<\/span><\/li><li style=\"font-weight: 400;\" aria-level=\"1\"><span style=\"font-weight: 400;\">Factura DESGLOSADA<\/span><\/li><li style=\"font-weight: 400;\" aria-level=\"1\"><span style=\"font-weight: 400;\">Justificante bancario de pago<\/span><\/li><li style=\"font-weight: 400;\" aria-level=\"1\"><span style=\"font-weight: 400;\">Fichas t\u00e9cnicas<\/span><\/li><li style=\"font-weight: 400;\" aria-level=\"1\"><span style=\"font-weight: 400;\">Fotos<\/span><span style=\"font-weight: 400;\"><br \/><\/span><span style=\"font-weight: 400;\">Registro de instalaciones de BT o t\u00e9rmicas, si procede.<\/span><\/li><\/ul><p>\u00a0<\/p><h2><b>Cu\u00e1ndo se aplica la deducci\u00f3n<\/b><\/h2><p><b>Deducci\u00f3n IRPF: Se deduce cuando se FACTURA.<\/b><\/p><ul><li style=\"font-weight: 400;\" aria-level=\"1\"><span style=\"font-weight: 400;\">La suma de las bases de deducciones no podr\u00e1 exceder del 25 por 100 de la base liquidable del sujeto pasivo.<\/span><\/li><li style=\"font-weight: 400;\" aria-level=\"1\"><span style=\"font-weight: 400;\">Las cantidades no deducidas por exceder del l\u00edmite se\u00f1alado en el p\u00e1rrafo anterior o por insuficiencia de cuota podr\u00e1n aplicarse, respetando el mencionado l\u00edmite, en los periodos impositivos que finalicen en los cuatro ejercicios siguientes.<\/span><\/li><\/ul><p><b>Deducci\u00f3n Impuesto de Sociedades: Se deduce cuando se produce la entrada en funcionamiento del bien.<\/b><\/p><ul><li style=\"font-weight: 400;\" aria-level=\"1\"><span style=\"font-weight: 400;\">Si hay insuficiencia de cuota deducible se puede aplicar la deducci\u00f3n durante los durante15 a\u00f1os inmediatos y sucesivos.<\/span><\/li><\/ul><p>[\/et_pb_text][et_pb_button button_url=\"https:\/\/www.navarra.es\/es\/tramites\/on\/-\/line\/Informe-de-inversiones-en-instalaciones-de-energias-renovables-y-en-sistemas-de-recarga\" button_text=\"ACCEDE A LA FICHA WEB\" button_alignment=\"center\" _builder_version=\"4.19.1\" _module_preset=\"default\" custom_button=\"on\" button_text_size=\"14px\" button_text_color=\"#FFFFFF\" button_bg_color=\"#F08A00\" button_border_width=\"0px\" button_border_radius=\"50px\" button_letter_spacing=\"1px\" button_font=\"Poppins|||on|||||\" button_icon=\"$||divi||400\" custom_padding=\"9px|27px|9px|27px|true|true\" hover_enabled=\"0\" box_shadow_style=\"preset1\" box_shadow_horizontal=\"3px\" box_shadow_vertical=\"3px\" box_shadow_blur=\"15px\" locked=\"off\" global_colors_info=\"{}\" box_shadow_horizontal__hover_enabled=\"off|hover\" box_shadow_vertical__hover_enabled=\"off|hover\" box_shadow_blur__hover_enabled=\"off|hover\" sticky_enabled=\"0\"][\/et_pb_button][\/et_pb_column][\/et_pb_row][\/et_pb_section]<\/p>","_et_gb_content_width":"","footnotes":""},"class_list":["post-243137","page","type-page","status-publish","hentry"],"acf":[],"_links":{"self":[{"href":"https:\/\/biomasanavarra.com\/eu\/wp-json\/wp\/v2\/pages\/243137","targetHints":{"allow":["GET"]}}],"collection":[{"href":"https:\/\/biomasanavarra.com\/eu\/wp-json\/wp\/v2\/pages"}],"about":[{"href":"https:\/\/biomasanavarra.com\/eu\/wp-json\/wp\/v2\/types\/page"}],"author":[{"embeddable":true,"href":"https:\/\/biomasanavarra.com\/eu\/wp-json\/wp\/v2\/users\/2"}],"replies":[{"embeddable":true,"href":"https:\/\/biomasanavarra.com\/eu\/wp-json\/wp\/v2\/comments?post=243137"}],"version-history":[{"count":2,"href":"https:\/\/biomasanavarra.com\/eu\/wp-json\/wp\/v2\/pages\/243137\/revisions"}],"predecessor-version":[{"id":243140,"href":"https:\/\/biomasanavarra.com\/eu\/wp-json\/wp\/v2\/pages\/243137\/revisions\/243140"}],"wp:attachment":[{"href":"https:\/\/biomasanavarra.com\/eu\/wp-json\/wp\/v2\/media?parent=243137"}],"curies":[{"name":"wp","href":"https:\/\/api.w.org\/{rel}","templated":true}]}}