{"id":243095,"date":"2022-12-13T22:40:08","date_gmt":"2022-12-13T22:40:08","guid":{"rendered":"http:\/\/biomasanavarra.com\/?page_id=243095"},"modified":"2023-03-22T13:40:46","modified_gmt":"2023-03-22T13:40:46","slug":"ayudas-para-la-implantacion-de-instalaciones-de-energias-renovables-termicas","status":"publish","type":"page","link":"https:\/\/biomasanavarra.com\/eu\/ayudas\/ayudas-para-la-implantacion-de-instalaciones-de-energias-renovables-termicas\/","title":{"rendered":"Ayudas para la implantaci\u00f3n de instalaciones de energ\u00edas renovables t\u00e9rmicas"},"content":{"rendered":"<p>[et_pb_section fb_built=&#8221;1&#8243; next_background_color=&#8221;#ffffff&#8221; _builder_version=&#8221;4.19.1&#8243; _module_preset=&#8221;default&#8221; background_enable_color=&#8221;off&#8221; use_background_color_gradient=&#8221;on&#8221; background_color_gradient_stops=&#8221;rgba(255,206,0,0) 20%|#a5c400 100%&#8221; custom_padding=&#8221;24px||67px|||&#8221; bottom_divider_style=&#8221;curve&#8221; locked=&#8221;off&#8221; global_colors_info=&#8221;{}&#8221;][et_pb_row column_structure=&#8221;2_5,3_5&#8243; _builder_version=&#8221;4.19.1&#8243; _module_preset=&#8221;default&#8221; custom_padding=&#8221;||36px|||&#8221; global_colors_info=&#8221;{}&#8221;][et_pb_column type=&#8221;2_5&#8243; _builder_version=&#8221;4.19.1&#8243; _module_preset=&#8221;default&#8221; global_colors_info=&#8221;{}&#8221;][et_pb_image src=&#8221;http:\/\/biomasanavarra.com\/wp-content\/uploads\/2022\/12\/ayudas-.gif&#8221; title_text=&#8221;ayudas-&#8221; align=&#8221;center&#8221; _builder_version=&#8221;4.19.1&#8243; _module_preset=&#8221;default&#8221; width=&#8221;38%&#8221; global_colors_info=&#8221;{}&#8221;][\/et_pb_image][\/et_pb_column][et_pb_column type=&#8221;3_5&#8243; _builder_version=&#8221;4.19.1&#8243; _module_preset=&#8221;default&#8221; global_colors_info=&#8221;{}&#8221;][et_pb_post_title meta=&#8221;off&#8221; _builder_version=&#8221;4.19.1&#8243; _module_preset=&#8221;default&#8221; global_colors_info=&#8221;{}&#8221;][\/et_pb_post_title][\/et_pb_column][\/et_pb_row][\/et_pb_section][et_pb_section fb_built=&#8221;1&#8243; _builder_version=&#8221;4.19.1&#8243; _module_preset=&#8221;default&#8221; global_colors_info=&#8221;{}&#8221;][et_pb_row column_structure=&#8221;2_5,3_5&#8243; _builder_version=&#8221;4.19.1&#8243; _module_preset=&#8221;default&#8221; global_colors_info=&#8221;{}&#8221;][et_pb_column type=&#8221;2_5&#8243; _builder_version=&#8221;4.19.1&#8243; _module_preset=&#8221;default&#8221; global_colors_info=&#8221;{}&#8221;][\/et_pb_column][et_pb_column type=&#8221;3_5&#8243; _builder_version=&#8221;4.19.1&#8243; _module_preset=&#8221;default&#8221; global_colors_info=&#8221;{}&#8221;][et_pb_text _builder_version=&#8221;4.19.1&#8243; _module_preset=&#8221;default&#8221; custom_padding=&#8221;||0px|||&#8221; global_colors_info=&#8221;{}&#8221;]<\/p>\n<h2><strong>Dirigido a<\/strong><\/h2>\n<ul>\n<li><span style=\"font-weight: 400;\">Personas f\u00edsicas<\/span><\/li>\n<li><span style=\"font-weight: 400;\">Personas jur\u00eddicas<\/span><\/li>\n<li><span style=\"font-weight: 400;\">Entidades del sector p\u00fablico<\/span><\/li>\n<li><span style=\"font-weight: 400;\">Organizaciones privadas sin \u00e1nimo de lucro.<\/span><\/li>\n<li><span style=\"font-weight: 400;\">Agrupaciones, asociaciones, consorcios.<\/span><\/li>\n<\/ul>\n<p>&nbsp;<\/p>\n<h2><strong>Actuaciones subvencionables<\/strong><\/h2>\n<p><span style=\"font-weight: 400;\">Nuevas instalaciones t\u00e9rmicas renovables, ampliaciones y sustituciones de sistemas de producci\u00f3n existentes que abastezcan cualquiera de las siguientes aplicaciones (con car\u00e1cter orientativo y no limitativo).<\/span><\/p>\n<ul>\n<li><span style=\"font-weight: 400;\">Aplicaciones t\u00e9rmicas para producci\u00f3n de fr\u00edo y\/o calor en edificios.<\/span><\/li>\n<li><span style=\"font-weight: 400;\">Aplicaciones de baja, media y alta temperatura en procesos productivos u otras aplicaciones t\u00e9rmicas.<\/span><\/li>\n<\/ul>\n<p>&nbsp;<\/p>\n<p><span style=\"font-weight: 400;\">No ser\u00e1n objeto de este programa de ayudas:<\/span><\/p>\n<ul>\n<li><span style=\"font-weight: 400;\">Las bombas de calor cuyo cometido sea funcionar como unidad deshumectadora.<\/span><\/li>\n<li><span style=\"font-weight: 400;\">Los equipos para generaci\u00f3n de fr\u00edo industrial.<\/span><\/li>\n<\/ul>\n<p>&nbsp;<\/p>\n<h2><strong>Importe subvencionable<\/strong><\/h2>\n<p>&nbsp;<\/p>\n<h3><span style=\"font-weight: 400;\"><strong>Para el Programa de incentivos 1<\/strong><\/span><\/h3>\n<p><span style=\"font-weight: 400;\">(Destinado a personas f\u00edsicas, jur\u00eddicas, sector p\u00fablico y asociaciones)<\/span><\/p>\n<table>\n<tbody>\n<tr>\n<td><span style=\"font-weight: 400;\">% Ayuda base gran empresa<\/span><\/td>\n<td><span style=\"font-weight: 400;\">% ayuda base mediana empresa<\/span><\/td>\n<td><span style=\"font-weight: 400;\">% ayuda base peque\u00f1a empresa<\/span><\/td>\n<\/tr>\n<tr>\n<td><span style=\"font-weight: 400;\">35 %<\/span><\/td>\n<td><span style=\"font-weight: 400;\">40 %<\/span><\/td>\n<td><span style=\"font-weight: 400;\">45 %<\/span><\/td>\n<\/tr>\n<\/tbody>\n<\/table>\n<p>&nbsp;<\/p>\n<h3><strong>Para el Programa de incentivos 2 <\/strong><\/h3>\n<p><span style=\"font-weight: 400;\">(Destinado a entidades locales, entidad sector p\u00fablico y asociaciones)<\/span><\/p>\n<p><span style=\"font-weight: 400;\">Ayuda del 70% sobre el coste subvencionable para todas las actuaciones subvencionables.<\/span><\/p>\n<p><span style=\"font-weight: 400;\">Ayuda Adicional: Cuando las actuaciones se lleven a cabo en municipios de Reto Demogr\u00e1fico (municipios de hasta 5.000 habitantes), el porcentaje de ayuda aplicable sobre el coste subvencionable se incrementar\u00e1 en 5 puntos porcentuales.<\/span><br \/>\n[\/et_pb_text][et_pb_button button_url=&#8221;https:\/\/www.navarra.es\/es\/tramites\/on\/-\/line\/ayudas-para-la-implantacion-de-instalaciones-de-energias-renovables-termicas?back=true&#038;pageBackId=5722676&#8243; url_new_window=&#8221;on&#8221; button_text=&#8221;ACCESO FICHA WEB&#8221; button_alignment=&#8221;center&#8221; _builder_version=&#8221;4.19.1&#8243; _module_preset=&#8221;default&#8221; custom_button=&#8221;on&#8221; button_text_size=&#8221;14px&#8221; button_text_color=&#8221;#FFFFFF&#8221; button_bg_color=&#8221;#F08A00&#8243; button_border_width=&#8221;0px&#8221; button_border_radius=&#8221;50px&#8221; button_letter_spacing=&#8221;1px&#8221; button_font=&#8221;Poppins|||on|||||&#8221; button_icon=&#8221;&#x24;||divi||400&#8243; custom_padding=&#8221;9px|27px|9px|27px|true|true&#8221; box_shadow_style=&#8221;preset1&#8243; box_shadow_horizontal=&#8221;3px&#8221; box_shadow_vertical=&#8221;3px&#8221; box_shadow_blur=&#8221;15px&#8221; locked=&#8221;off&#8221; global_colors_info=&#8221;{}&#8221; box_shadow_horizontal__hover_enabled=&#8221;off|hover&#8221; box_shadow_vertical__hover_enabled=&#8221;off|hover&#8221; box_shadow_blur__hover_enabled=&#8221;off|hover&#8221;][\/et_pb_button][\/et_pb_column][\/et_pb_row][\/et_pb_section]<\/p>\n","protected":false},"excerpt":{"rendered":"<p>Dirigido a Personas f\u00edsicas Personas jur\u00eddicas Entidades del sector p\u00fablico Organizaciones privadas sin \u00e1nimo de lucro. Agrupaciones, asociaciones, consorcios. &nbsp; Actuaciones subvencionables Nuevas instalaciones t\u00e9rmicas renovables, ampliaciones y sustituciones de sistemas de producci\u00f3n existentes que abastezcan cualquiera de las siguientes aplicaciones (con car\u00e1cter orientativo y no limitativo). Aplicaciones t\u00e9rmicas para producci\u00f3n de fr\u00edo y\/o calor [&hellip;]<\/p>\n","protected":false},"author":2,"featured_media":0,"parent":243070,"menu_order":0,"comment_status":"closed","ping_status":"closed","template":"","meta":{"_acf_changed":false,"_et_pb_use_builder":"on","_et_pb_old_content":"<p>[et_pb_section fb_built=\"1\" next_background_color=\"#ffffff\" _builder_version=\"4.19.1\" _module_preset=\"default\" background_enable_color=\"off\" use_background_color_gradient=\"on\" background_color_gradient_stops=\"rgba(255,206,0,0) 20%|#a5c400 100%\" custom_padding=\"24px||67px|||\" bottom_divider_style=\"curve\" locked=\"off\" global_colors_info=\"{}\"][et_pb_row column_structure=\"2_5,3_5\" _builder_version=\"4.19.1\" _module_preset=\"default\" custom_padding=\"||36px|||\" global_colors_info=\"{}\"][et_pb_column type=\"2_5\" _builder_version=\"4.19.1\" _module_preset=\"default\" global_colors_info=\"{}\"][et_pb_image src=\"http:\/\/biomasanavarra.com\/wp-content\/uploads\/2022\/12\/ayudas-.gif\" title_text=\"ayudas-\" align=\"center\" _builder_version=\"4.19.1\" _module_preset=\"default\" width=\"38%\" global_colors_info=\"{}\"][\/et_pb_image][\/et_pb_column][et_pb_column type=\"3_5\" _builder_version=\"4.19.1\" _module_preset=\"default\" global_colors_info=\"{}\"][et_pb_post_title meta=\"off\" _builder_version=\"4.19.1\" _module_preset=\"default\" global_colors_info=\"{}\"][\/et_pb_post_title][\/et_pb_column][\/et_pb_row][\/et_pb_section][et_pb_section fb_built=\"1\" _builder_version=\"4.19.1\" _module_preset=\"default\" global_colors_info=\"{}\"][et_pb_row column_structure=\"2_5,3_5\" _builder_version=\"4.19.1\" _module_preset=\"default\" global_colors_info=\"{}\"][et_pb_column type=\"2_5\" _builder_version=\"4.19.1\" _module_preset=\"default\" global_colors_info=\"{}\"][\/et_pb_column][et_pb_column type=\"3_5\" _builder_version=\"4.19.1\" _module_preset=\"default\" global_colors_info=\"{}\"][et_pb_text _builder_version=\"4.19.1\" _module_preset=\"default\" custom_padding=\"||0px|||\" hover_enabled=\"0\" global_colors_info=\"{}\" sticky_enabled=\"0\"]<\/p><h2><strong>Dirigido a<\/strong><\/h2><ul><li><span style=\"font-weight: 400;\">Personas f\u00edsicas<\/span><\/li><li><span style=\"font-weight: 400;\">Personas jur\u00eddicas<\/span><\/li><li><span style=\"font-weight: 400;\">Entidades del sector p\u00fablico<\/span><\/li><li><span style=\"font-weight: 400;\">Organizaciones privadas sin \u00e1nimo de lucro.<\/span><\/li><li><span style=\"font-weight: 400;\">Agrupaciones, asociaciones, consorcios.<\/span><\/li><\/ul><p>\u00a0<\/p><h2><strong>Actuaciones subvencionables<\/strong><\/h2><p><span style=\"font-weight: 400;\">Nuevas instalaciones t\u00e9rmicas renovables, ampliaciones y sustituciones de sistemas de producci\u00f3n existentes que abastezcan cualquiera de las siguientes aplicaciones (con car\u00e1cter orientativo y no limitativo).<\/span><\/p><ul><li><span style=\"font-weight: 400;\">Aplicaciones t\u00e9rmicas para producci\u00f3n de fr\u00edo y\/o calor en edificios.<\/span><\/li><li><span style=\"font-weight: 400;\">Aplicaciones de baja, media y alta temperatura en procesos productivos u otras aplicaciones t\u00e9rmicas.<\/span><\/li><\/ul><p>\u00a0<\/p><p><span style=\"font-weight: 400;\">No ser\u00e1n objeto de este programa de ayudas:<\/span><\/p><ul><li><span style=\"font-weight: 400;\">Las bombas de calor cuyo cometido sea funcionar como unidad deshumectadora.<\/span><\/li><li><span style=\"font-weight: 400;\">Los equipos para generaci\u00f3n de fr\u00edo industrial.<\/span><\/li><\/ul><p>\u00a0<\/p><h2><strong>Importe subvencionable<\/strong><\/h2><p>\u00a0<\/p><h3><span style=\"font-weight: 400;\"><strong>Para el Programa de incentivos 1<\/strong><\/span><\/h3><p><span style=\"font-weight: 400;\">(Destinado a personas f\u00edsicas, jur\u00eddicas, sector p\u00fablico y asociaciones)<\/span><\/p><table><tbody><tr><td><p><span style=\"font-weight: 400;\">% Ayuda base gran empresa<\/span><\/p><\/td><td><p><span style=\"font-weight: 400;\">% ayuda base mediana empresa<\/span><\/p><\/td><td><p><span style=\"font-weight: 400;\">% ayuda base peque\u00f1a empresa<\/span><\/p><\/td><\/tr><tr><td><p><span style=\"font-weight: 400;\">35 %<\/span><\/p><\/td><td><p><span style=\"font-weight: 400;\">40 %<\/span><\/p><\/td><td><p><span style=\"font-weight: 400;\">45 %<\/span><\/p><\/td><\/tr><\/tbody><\/table><p>\u00a0<\/p><h3><strong>Para el Programa de incentivos 2 <\/strong><\/h3><p><span style=\"font-weight: 400;\">(Destinado a entidades locales, entidad sector p\u00fablico y asociaciones)<\/span><\/p><p><span style=\"font-weight: 400;\">Ayuda del 70% sobre el coste subvencionable para todas las actuaciones subvencionables.<\/span><\/p><p><span style=\"font-weight: 400;\">Ayuda Adicional: Cuando las actuaciones se lleven a cabo en municipios de Reto Demogr\u00e1fico (municipios de hasta 5.000 habitantes), el porcentaje de ayuda aplicable sobre el coste subvencionable se incrementar\u00e1 en 5 puntos porcentuales.<\/span><\/p><p>[\/et_pb_text][et_pb_button button_url=\"https:\/\/www.navarra.es\/es\/tramites\/on\/-\/line\/ayudas-para-la-implantacion-de-instalaciones-de-energias-renovables-termicas?back=true&pageBackId=5722676\" button_text=\"ACCESO FICHA WEB\" button_alignment=\"center\" _builder_version=\"4.19.1\" _module_preset=\"default\" custom_button=\"on\" button_text_size=\"14px\" button_text_color=\"#FFFFFF\" button_bg_color=\"#F08A00\" button_border_width=\"0px\" button_border_radius=\"50px\" button_letter_spacing=\"1px\" button_font=\"Poppins|||on|||||\" button_icon=\"$||divi||400\" custom_padding=\"9px|27px|9px|27px|true|true\" hover_enabled=\"0\" box_shadow_style=\"preset1\" box_shadow_horizontal=\"3px\" box_shadow_vertical=\"3px\" box_shadow_blur=\"15px\" locked=\"off\" global_colors_info=\"{}\" box_shadow_horizontal__hover_enabled=\"off|hover\" box_shadow_vertical__hover_enabled=\"off|hover\" box_shadow_blur__hover_enabled=\"off|hover\" url_new_window=\"on\" sticky_enabled=\"0\"][\/et_pb_button][\/et_pb_column][\/et_pb_row][\/et_pb_section]<\/p>","_et_gb_content_width":"","footnotes":""},"class_list":["post-243095","page","type-page","status-publish","hentry"],"acf":[],"_links":{"self":[{"href":"https:\/\/biomasanavarra.com\/eu\/wp-json\/wp\/v2\/pages\/243095","targetHints":{"allow":["GET"]}}],"collection":[{"href":"https:\/\/biomasanavarra.com\/eu\/wp-json\/wp\/v2\/pages"}],"about":[{"href":"https:\/\/biomasanavarra.com\/eu\/wp-json\/wp\/v2\/types\/page"}],"author":[{"embeddable":true,"href":"https:\/\/biomasanavarra.com\/eu\/wp-json\/wp\/v2\/users\/2"}],"replies":[{"embeddable":true,"href":"https:\/\/biomasanavarra.com\/eu\/wp-json\/wp\/v2\/comments?post=243095"}],"version-history":[{"count":2,"href":"https:\/\/biomasanavarra.com\/eu\/wp-json\/wp\/v2\/pages\/243095\/revisions"}],"predecessor-version":[{"id":243098,"href":"https:\/\/biomasanavarra.com\/eu\/wp-json\/wp\/v2\/pages\/243095\/revisions\/243098"}],"up":[{"embeddable":true,"href":"https:\/\/biomasanavarra.com\/eu\/wp-json\/wp\/v2\/pages\/243070"}],"wp:attachment":[{"href":"https:\/\/biomasanavarra.com\/eu\/wp-json\/wp\/v2\/media?parent=243095"}],"curies":[{"name":"wp","href":"https:\/\/api.w.org\/{rel}","templated":true}]}}