{"id":243070,"date":"2022-11-23T10:52:46","date_gmt":"2022-11-23T10:52:46","guid":{"rendered":"http:\/\/biomasanavarra.com\/?page_id=243070"},"modified":"2024-11-11T11:57:06","modified_gmt":"2024-11-11T11:57:06","slug":"ayudas","status":"publish","type":"page","link":"https:\/\/biomasanavarra.com\/eu\/ayudas\/","title":{"rendered":"AYUDAS"},"content":{"rendered":"<p>[et_pb_section fb_built=&#8221;1&#8243; next_background_color=&#8221;#ffffff&#8221; _builder_version=&#8221;4.19.1&#8243; _module_preset=&#8221;default&#8221; background_enable_color=&#8221;off&#8221; use_background_color_gradient=&#8221;on&#8221; background_color_gradient_stops=&#8221;rgba(255,206,0,0) 20%|#a5c400 100%&#8221; custom_padding=&#8221;24px||67px|||&#8221; bottom_divider_style=&#8221;curve&#8221; locked=&#8221;off&#8221; global_colors_info=&#8221;{}&#8221; da_is_popup=&#8221;off&#8221; da_exit_intent=&#8221;off&#8221; da_has_close=&#8221;on&#8221; da_alt_close=&#8221;off&#8221; da_dark_close=&#8221;off&#8221; da_not_modal=&#8221;on&#8221; da_is_singular=&#8221;off&#8221; da_with_loader=&#8221;off&#8221; da_has_shadow=&#8221;on&#8221; da_disable_devices=&#8221;off|off|off&#8221;][et_pb_row column_structure=&#8221;1_2,1_2&#8243; _builder_version=&#8221;4.19.1&#8243; _module_preset=&#8221;default&#8221; custom_padding=&#8221;||36px|||&#8221; global_colors_info=&#8221;{}&#8221;][et_pb_column type=&#8221;1_2&#8243; _builder_version=&#8221;4.19.1&#8243; _module_preset=&#8221;default&#8221; global_colors_info=&#8221;{}&#8221;][et_pb_image src=&#8221;https:\/\/biomasanavarra.com\/wp-content\/uploads\/2022\/12\/ayudas-.gif&#8221; title_text=&#8221;ayudas-&#8221; align=&#8221;center&#8221; _builder_version=&#8221;4.19.1&#8243; _module_preset=&#8221;default&#8221; width=&#8221;38%&#8221; global_colors_info=&#8221;{}&#8221;][\/et_pb_image][\/et_pb_column][et_pb_column type=&#8221;1_2&#8243; _builder_version=&#8221;4.19.1&#8243; _module_preset=&#8221;default&#8221; global_colors_info=&#8221;{}&#8221;][et_pb_text _builder_version=&#8221;4.19.1&#8243; _module_preset=&#8221;default&#8221; header_font_size=&#8221;58px&#8221; custom_margin=&#8221;22px|||||&#8221; global_colors_info=&#8221;{}&#8221;]<\/p>\n<h1 class=\"et_pb_slide_title et-fb-editable-element et-fb-editable-element__editing\" contenteditable=\"true\" data-shortcode-id=\"0.0.0-1671029724910\" data-quickaccess-id=\"header\">Laguntzak<\/h1>\n<h3>Aprobetxatu oraingo unea biomasari ekiteko<\/h3>\n<p>&nbsp;[\/et_pb_text][\/et_pb_column][\/et_pb_row][\/et_pb_section][et_pb_section fb_built=&#8221;1&#8243; specialty=&#8221;on&#8221; _builder_version=&#8221;4.19.1&#8243; _module_preset=&#8221;default&#8221; global_colors_info=&#8221;{}&#8221; da_is_popup=&#8221;off&#8221; da_exit_intent=&#8221;off&#8221; da_has_close=&#8221;on&#8221; da_alt_close=&#8221;off&#8221; da_dark_close=&#8221;off&#8221; da_not_modal=&#8221;on&#8221; da_is_singular=&#8221;off&#8221; da_with_loader=&#8221;off&#8221; da_has_shadow=&#8221;on&#8221; da_disable_devices=&#8221;off|off|off&#8221;][et_pb_column type=&#8221;1_4&#8243; _builder_version=&#8221;4.16&#8243; custom_padding=&#8221;|||&#8221; global_colors_info=&#8221;{}&#8221; custom_padding__hover=&#8221;|||&#8221;][et_pb_image src=&#8221;https:\/\/biomasanavarra.com\/wp-content\/uploads\/2024\/06\/Captura-de-pantalla-2024-06-13-a-las-11.18.03.png&#8221; title_text=&#8221;Captura de pantalla 2024-06-13 a las 11.18.03&#8243; align=&#8221;center&#8221; _builder_version=&#8221;4.27.2&#8243; _module_preset=&#8221;default&#8221; hover_enabled=&#8221;0&#8243; global_colors_info=&#8221;{}&#8221; sticky_enabled=&#8221;0&#8243;][\/et_pb_image][et_pb_button button_url=&#8221;https:\/\/biomasanavarra.com\/wp-content\/uploads\/2024\/06\/A5_folleto-Energyberri24_def2.pdf&#8221; url_new_window=&#8221;on&#8221; button_text=&#8221;ENERGY BERRI&#8221; button_alignment=&#8221;center&#8221; _builder_version=&#8221;4.27.2&#8243; _module_preset=&#8221;default&#8221; custom_button=&#8221;on&#8221; button_text_size=&#8221;14px&#8221; button_text_color=&#8221;#FFFFFF&#8221; button_bg_color=&#8221;#F08A00&#8243; button_border_width=&#8221;0px&#8221; button_border_radius=&#8221;50px&#8221; button_letter_spacing=&#8221;1px&#8221; button_font=&#8221;Poppins|||on|||||&#8221; button_icon=&#8221;&#x24;||divi||400&#8243; custom_padding=&#8221;9px|27px|9px|27px|true|true&#8221; hover_enabled=&#8221;0&#8243; box_shadow_style=&#8221;preset1&#8243; box_shadow_horizontal=&#8221;3px&#8221; box_shadow_vertical=&#8221;3px&#8221; box_shadow_blur=&#8221;15px&#8221; locked=&#8221;off&#8221; global_colors_info=&#8221;{}&#8221; box_shadow_horizontal__hover_enabled=&#8221;off|hover&#8221; box_shadow_vertical__hover_enabled=&#8221;off|hover&#8221; box_shadow_blur__hover_enabled=&#8221;off|hover&#8221; sticky_enabled=&#8221;0&#8243;][\/et_pb_button][\/et_pb_column][et_pb_column type=&#8221;3_4&#8243; specialty_columns=&#8221;3&#8243; _builder_version=&#8221;4.16&#8243; custom_padding=&#8221;|||&#8221; global_colors_info=&#8221;{}&#8221; custom_padding__hover=&#8221;|||&#8221;][et_pb_row_inner column_structure=&#8221;1_2,1_2&#8243; _builder_version=&#8221;4.19.1&#8243; _module_preset=&#8221;default&#8221; global_colors_info=&#8221;{}&#8221;][et_pb_column_inner type=&#8221;1_2&#8243; saved_specialty_column_type=&#8221;3_4&#8243; _builder_version=&#8221;4.19.1&#8243; _module_preset=&#8221;default&#8221; global_colors_info=&#8221;{}&#8221;][et_pb_text _builder_version=&#8221;4.19.1&#8243; _dynamic_attributes=&#8221;link_option_url&#8221; _module_preset=&#8221;default&#8221; header_2_font_size=&#8221;22px&#8221; custom_padding=&#8221;40px|40px|40px|40px|false|false&#8221; link_option_url=&#8221;@ET-DC@eyJkeW5hbWljIjp0cnVlLCJjb250ZW50IjoicG9zdF9saW5rX3VybF9wYWdlIiwic2V0dGluZ3MiOnsicG9zdF9pZCI6IjI0MjE2NSJ9fQ==@&#8221; border_radii=&#8221;on|21px|21px|21px|21px&#8221; box_shadow_style=&#8221;preset1&#8243; global_colors_info=&#8221;{}&#8221;]<\/p>\n<h2 class=\"entry-title\" style=\"text-align: center;\">Laguntzak autokontsumorako eta biltegiratzeko, energia-iturri berriztagarriekin<\/h2>\n<p>[\/et_pb_text][et_pb_text _builder_version=&#8221;4.19.1&#8243; _dynamic_attributes=&#8221;link_option_url&#8221; _module_preset=&#8221;default&#8221; header_2_font_size=&#8221;22px&#8221; custom_padding=&#8221;40px|40px|40px|40px|false|false&#8221; link_option_url=&#8221;@ET-DC@eyJkeW5hbWljIjp0cnVlLCJjb250ZW50IjoicG9zdF9saW5rX3VybF9wYWdlIiwic2V0dGluZ3MiOnsicG9zdF9pZCI6IjI0MjE1NyJ9fQ==@&#8221; border_radii=&#8221;on|21px|21px|21px|21px&#8221; box_shadow_style=&#8221;preset1&#8243; global_colors_info=&#8221;{}&#8221;]<\/p>\n<h2 class=\"entry-title\" style=\"text-align: center;\">Energia berriztagarri termikoen instalazioak ezartzeko laguntzak<\/h2>\n<p>[\/et_pb_text][et_pb_text _builder_version=&#8221;4.19.1&#8243; _dynamic_attributes=&#8221;link_option_url&#8221; _module_preset=&#8221;default&#8221; header_2_font_size=&#8221;22px&#8221; custom_padding=&#8221;40px|40px|40px|40px|false|false&#8221; link_option_url=&#8221;@ET-DC@eyJkeW5hbWljIjp0cnVlLCJjb250ZW50IjoicG9zdF9saW5rX3VybF9wYWdlIiwic2V0dGluZ3MiOnsicG9zdF9pZCI6IjI0MjgwOCJ9fQ==@&#8221; border_radii=&#8221;on|21px|21px|21px|21px&#8221; box_shadow_style=&#8221;preset1&#8243; global_colors_info=&#8221;{}&#8221;]<\/p>\n<h2 class=\"entry-title\" style=\"text-align: center;\"><b>Kenkari fiskalak<\/b><\/h2>\n<p>[\/et_pb_text][\/et_pb_column_inner][et_pb_column_inner type=&#8221;1_2&#8243; saved_specialty_column_type=&#8221;3_4&#8243; _builder_version=&#8221;4.19.1&#8243; _module_preset=&#8221;default&#8221; global_colors_info=&#8221;{}&#8221;][et_pb_text _builder_version=&#8221;4.19.1&#8243; _dynamic_attributes=&#8221;link_option_url&#8221; _module_preset=&#8221;default&#8221; header_2_font_size=&#8221;22px&#8221; custom_padding=&#8221;40px|40px|40px|40px|false|false&#8221; link_option_url=&#8221;@ET-DC@eyJkeW5hbWljIjp0cnVlLCJjb250ZW50IjoicG9zdF9saW5rX3VybF9wYWdlIiwic2V0dGluZ3MiOnsicG9zdF9pZCI6IjI0MjE2OSJ9fQ==@&#8221; border_radii=&#8221;on|21px|21px|21px|21px&#8221; box_shadow_style=&#8221;preset1&#8243; global_colors_info=&#8221;{}&#8221;]<\/p>\n<h2 class=\"entry-title\" style=\"text-align: center;\">Turismo-enpresetan energia-eraginkortasuneko eta ekonomia zirkularreko proiektuak finantzatzeko laguntzak<\/h2>\n<p>[\/et_pb_text][et_pb_text _builder_version=&#8221;4.19.1&#8243; _dynamic_attributes=&#8221;link_option_url&#8221; _module_preset=&#8221;default&#8221; header_2_font_size=&#8221;22px&#8221; custom_padding=&#8221;40px|40px|40px|40px|false|false&#8221; link_option_url=&#8221;@ET-DC@eyJkeW5hbWljIjp0cnVlLCJjb250ZW50IjoicG9zdF9saW5rX3VybF9wYWdlIiwic2V0dGluZ3MiOnsicG9zdF9pZCI6IjI0MjE2MSJ9fQ==@&#8221; border_radii=&#8221;on|21px|21px|21px|21px&#8221; box_shadow_style=&#8221;preset1&#8243; global_colors_info=&#8221;{}&#8221;]<\/p>\n<h2 class=\"entry-title\" style=\"text-align: center;\">Nekazaritzako eta abeltzaintzako ustiategietan energia-eraginkortasuneko jarduerak egiteko laguntzak<\/h2>\n<p>[\/et_pb_text][\/et_pb_column_inner][\/et_pb_row_inner][\/et_pb_column][\/et_pb_section]<\/p>\n","protected":false},"excerpt":{"rendered":"<p>Laguntzak Aprobetxatu oraingo unea biomasari ekiteko &nbsp;Laguntzak autokontsumorako eta biltegiratzeko, energia-iturri berriztagarriekinEnergia berriztagarri termikoen instalazioak ezartzeko laguntzakKenkari fiskalakTurismo-enpresetan energia-eraginkortasuneko eta ekonomia zirkularreko proiektuak finantzatzeko laguntzakNekazaritzako eta abeltzaintzako ustiategietan energia-eraginkortasuneko jarduerak egiteko laguntzak<\/p>\n","protected":false},"author":2,"featured_media":0,"parent":0,"menu_order":0,"comment_status":"closed","ping_status":"closed","template":"","meta":{"_acf_changed":false,"_et_pb_use_builder":"on","_et_pb_old_content":"<p>[et_pb_section fb_built=\"1\" next_background_color=\"#ffffff\" _builder_version=\"4.19.1\" _module_preset=\"default\" background_enable_color=\"off\" use_background_color_gradient=\"on\" background_color_gradient_stops=\"rgba(255,206,0,0) 20%|#a5c400 100%\" custom_padding=\"24px||67px|||\" bottom_divider_style=\"curve\" locked=\"off\" global_colors_info=\"{}\"][et_pb_row column_structure=\"1_2,1_2\" _builder_version=\"4.19.1\" _module_preset=\"default\" custom_padding=\"||36px|||\" global_colors_info=\"{}\"][et_pb_column type=\"1_2\" _builder_version=\"4.19.1\" _module_preset=\"default\" global_colors_info=\"{}\"][et_pb_image src=\"http:\/\/biomasanavarra.com\/wp-content\/uploads\/2022\/12\/ayudas-.gif\" title_text=\"ayudas-\" align=\"center\" _builder_version=\"4.19.1\" _module_preset=\"default\" width=\"38%\" global_colors_info=\"{}\"][\/et_pb_image][\/et_pb_column][et_pb_column type=\"1_2\" _builder_version=\"4.19.1\" _module_preset=\"default\" global_colors_info=\"{}\"][et_pb_text _builder_version=\"4.19.1\" _module_preset=\"default\" header_font_size=\"58px\" custom_margin=\"22px|||||\" global_colors_info=\"{}\"]<\/p><h1 class=\"et_pb_slide_title et-fb-editable-element et-fb-editable-element__editing\" contenteditable=\"true\" data-shortcode-id=\"0.0.0-1671029724910\" data-quickaccess-id=\"header\">Ayudas<\/h1><h3>Aprovecha el momento actual para acceder a la biomasa<\/h3><p>\u00a0<\/p><p>[\/et_pb_text][\/et_pb_column][\/et_pb_row][\/et_pb_section][et_pb_section fb_built=\"1\" specialty=\"on\" _builder_version=\"4.19.1\" _module_preset=\"default\" global_colors_info=\"{}\"][et_pb_column type=\"1_4\" _builder_version=\"4.16\" custom_padding=\"|||\" global_colors_info=\"{}\" custom_padding__hover=\"|||\"][et_pb_image src=\"http:\/\/biomasanavarra.com\/wp-content\/uploads\/2023\/01\/energy-berri.jpg\" title_text=\"energy-berri\" align=\"center\" _builder_version=\"4.19.1\" _module_preset=\"default\" global_colors_info=\"{}\"][\/et_pb_image][et_pb_button button_url=\"https:\/\/www.navarra.es\/documents\/48192\/21014159\/Folleto+Energy+Berri+-+diciembre+2022.pdf\/3240235c-91bf-97fe-5615-8aa556244580?t=1670592196188\" url_new_window=\"on\" button_text=\"ENERGI BERRI\" button_alignment=\"center\" _builder_version=\"4.19.1\" _module_preset=\"default\" custom_button=\"on\" button_text_size=\"14px\" button_text_color=\"#FFFFFF\" button_bg_color=\"#F08A00\" button_border_width=\"0px\" button_border_radius=\"50px\" button_letter_spacing=\"1px\" button_font=\"Poppins|||on|||||\" button_icon=\"$||divi||400\" custom_padding=\"9px|27px|9px|27px|true|true\" box_shadow_style=\"preset1\" box_shadow_horizontal=\"3px\" box_shadow_vertical=\"3px\" box_shadow_blur=\"15px\" locked=\"off\" global_colors_info=\"{}\" box_shadow_horizontal__hover_enabled=\"off|hover\" box_shadow_vertical__hover_enabled=\"off|hover\" box_shadow_blur__hover_enabled=\"off|hover\"][\/et_pb_button][\/et_pb_column][et_pb_column type=\"3_4\" specialty_columns=\"3\" _builder_version=\"4.16\" custom_padding=\"|||\" global_colors_info=\"{}\" custom_padding__hover=\"|||\"][et_pb_row_inner column_structure=\"1_2,1_2\" _builder_version=\"4.19.1\" _module_preset=\"default\" global_colors_info=\"{}\"][et_pb_column_inner type=\"1_2\" saved_specialty_column_type=\"3_4\" _builder_version=\"4.19.1\" _module_preset=\"default\" global_colors_info=\"{}\"][et_pb_text _builder_version=\"4.19.1\" _dynamic_attributes=\"link_option_url\" _module_preset=\"default\" header_2_font_size=\"22px\" custom_padding=\"40px|40px|40px|40px|false|false\" link_option_url=\"@ET-DC@eyJkeW5hbWljIjp0cnVlLCJjb250ZW50IjoicG9zdF9saW5rX3VybF9wYWdlIiwic2V0dGluZ3MiOnsicG9zdF9pZCI6IjI0MjE2NSJ9fQ==@\" border_radii=\"on|21px|21px|21px|21px\" box_shadow_style=\"preset1\" global_colors_info=\"{}\"]<\/p><h2 class=\"entry-title\" style=\"text-align: center;\">Ayudas al autoconsumo y al almacenamiento con fuentes de energ\u00eda renovable.<\/h2><p>[\/et_pb_text][et_pb_text _builder_version=\"4.19.1\" _dynamic_attributes=\"link_option_url\" _module_preset=\"default\" header_2_font_size=\"22px\" custom_padding=\"40px|40px|40px|40px|false|false\" link_option_url=\"@ET-DC@eyJkeW5hbWljIjp0cnVlLCJjb250ZW50IjoicG9zdF9saW5rX3VybF9wYWdlIiwic2V0dGluZ3MiOnsicG9zdF9pZCI6IjI0MjE1NyJ9fQ==@\" border_radii=\"on|21px|21px|21px|21px\" box_shadow_style=\"preset1\" global_colors_info=\"{}\"]<\/p><h2 class=\"entry-title\" style=\"text-align: center;\">Ayudas para la implantaci\u00f3n de instalaciones de energ\u00edas renovables t\u00e9rmicas<\/h2><p>[\/et_pb_text][et_pb_text _builder_version=\"4.19.1\" _dynamic_attributes=\"link_option_url\" _module_preset=\"default\" header_2_font_size=\"22px\" custom_padding=\"40px|40px|40px|40px|false|false\" link_option_url=\"@ET-DC@eyJkeW5hbWljIjp0cnVlLCJjb250ZW50IjoicG9zdF9saW5rX3VybF9wYWdlIiwic2V0dGluZ3MiOnsicG9zdF9pZCI6IjI0MjgwOCJ9fQ==@\" hover_enabled=\"0\" border_radii=\"on|21px|21px|21px|21px\" box_shadow_style=\"preset1\" global_colors_info=\"{}\" sticky_enabled=\"0\"]<\/p><h2 class=\"entry-title\" style=\"text-align: center;\"><b>Deducciones fiscales<\/b><\/h2><p>[\/et_pb_text][\/et_pb_column_inner][et_pb_column_inner type=\"1_2\" saved_specialty_column_type=\"3_4\" _builder_version=\"4.19.1\" _module_preset=\"default\" global_colors_info=\"{}\"][et_pb_text _builder_version=\"4.19.1\" _dynamic_attributes=\"link_option_url\" _module_preset=\"default\" header_2_font_size=\"22px\" custom_padding=\"40px|40px|40px|40px|false|false\" link_option_url=\"@ET-DC@eyJkeW5hbWljIjp0cnVlLCJjb250ZW50IjoicG9zdF9saW5rX3VybF9wYWdlIiwic2V0dGluZ3MiOnsicG9zdF9pZCI6IjI0MjE2OSJ9fQ==@\" border_radii=\"on|21px|21px|21px|21px\" box_shadow_style=\"preset1\" global_colors_info=\"{}\"]<\/p><h2 class=\"entry-title\" style=\"text-align: center;\">Ayudas para la financiaci\u00f3n de proyectos de eficiencia energ\u00e9tica y econom\u00eda circular en empresas tur\u00edsticas<\/h2><p>[\/et_pb_text][et_pb_text _builder_version=\"4.19.1\" _dynamic_attributes=\"link_option_url\" _module_preset=\"default\" header_2_font_size=\"22px\" custom_padding=\"40px|40px|40px|40px|false|false\" link_option_url=\"@ET-DC@eyJkeW5hbWljIjp0cnVlLCJjb250ZW50IjoicG9zdF9saW5rX3VybF9wYWdlIiwic2V0dGluZ3MiOnsicG9zdF9pZCI6IjI0MjE2MSJ9fQ==@\" border_radii=\"on|21px|21px|21px|21px\" box_shadow_style=\"preset1\" global_colors_info=\"{}\"]<\/p><h2 class=\"entry-title\" style=\"text-align: center;\">Ayudas para la realizaci\u00f3n de actuaciones de eficiencia energ\u00e9tica en explotaciones agropecuarias<\/h2><p>[\/et_pb_text][\/et_pb_column_inner][\/et_pb_row_inner][\/et_pb_column][\/et_pb_section]<\/p>","_et_gb_content_width":"","footnotes":""},"class_list":["post-243070","page","type-page","status-publish","hentry"],"acf":[],"_links":{"self":[{"href":"https:\/\/biomasanavarra.com\/eu\/wp-json\/wp\/v2\/pages\/243070","targetHints":{"allow":["GET"]}}],"collection":[{"href":"https:\/\/biomasanavarra.com\/eu\/wp-json\/wp\/v2\/pages"}],"about":[{"href":"https:\/\/biomasanavarra.com\/eu\/wp-json\/wp\/v2\/types\/page"}],"author":[{"embeddable":true,"href":"https:\/\/biomasanavarra.com\/eu\/wp-json\/wp\/v2\/users\/2"}],"replies":[{"embeddable":true,"href":"https:\/\/biomasanavarra.com\/eu\/wp-json\/wp\/v2\/comments?post=243070"}],"version-history":[{"count":4,"href":"https:\/\/biomasanavarra.com\/eu\/wp-json\/wp\/v2\/pages\/243070\/revisions"}],"predecessor-version":[{"id":244125,"href":"https:\/\/biomasanavarra.com\/eu\/wp-json\/wp\/v2\/pages\/243070\/revisions\/244125"}],"wp:attachment":[{"href":"https:\/\/biomasanavarra.com\/eu\/wp-json\/wp\/v2\/media?parent=243070"}],"curies":[{"name":"wp","href":"https:\/\/api.w.org\/{rel}","templated":true}]}}