{"id":243542,"date":"2023-03-03T08:32:56","date_gmt":"2023-03-03T08:32:56","guid":{"rendered":"http:\/\/biomasanavarra.com\/?page_id=243542"},"modified":"2023-04-05T09:53:06","modified_gmt":"2023-04-05T09:53:06","slug":"nafosa","status":"publish","type":"page","link":"https:\/\/biomasanavarra.com\/en\/casos-de-exito\/nafosa\/","title":{"rendered":"NAFOSA"},"content":{"rendered":"<p>[et_pb_section fb_built=&#8221;1&#8243; next_background_color=&#8221;#ffffff&#8221; _builder_version=&#8221;4.19.1&#8243; _module_preset=&#8221;default&#8221; background_enable_color=&#8221;off&#8221; use_background_color_gradient=&#8221;on&#8221; background_color_gradient_stops=&#8221;rgba(255,206,0,0) 20%|#a5c400 100%&#8221; custom_padding=&#8221;24px||67px|||&#8221; bottom_divider_style=&#8221;curve&#8221; locked=&#8221;off&#8221; global_colors_info=&#8221;{}&#8221;][et_pb_row _builder_version=&#8221;4.19.1&#8243; _module_preset=&#8221;default&#8221; custom_padding=&#8221;||36px|||&#8221; global_colors_info=&#8221;{}&#8221;][et_pb_column type=&#8221;4_4&#8243; _builder_version=&#8221;4.19.1&#8243; _module_preset=&#8221;default&#8221; global_colors_info=&#8221;{}&#8221;][et_pb_post_title meta=&#8221;off&#8221; featured_image=&#8221;off&#8221; _builder_version=&#8221;4.19.1&#8243; _module_preset=&#8221;default&#8221; text_orientation=&#8221;center&#8221; global_colors_info=&#8221;{}&#8221;][\/et_pb_post_title][\/et_pb_column][\/et_pb_row][\/et_pb_section][et_pb_section fb_built=&#8221;1&#8243; _builder_version=&#8221;4.19.1&#8243; _module_preset=&#8221;default&#8221; locked=&#8221;off&#8221; global_colors_info=&#8221;{}&#8221;][et_pb_row column_structure=&#8221;1_2,1_2&#8243; _builder_version=&#8221;4.19.1&#8243; _module_preset=&#8221;default&#8221; global_colors_info=&#8221;{}&#8221;][et_pb_column type=&#8221;1_2&#8243; _builder_version=&#8221;4.19.1&#8243; _module_preset=&#8221;default&#8221; global_colors_info=&#8221;{}&#8221;][et_pb_gallery gallery_ids=&#8221;242992,242983,242977,242980,242986,242989&#8243; fullwidth=&#8221;on&#8221; _builder_version=&#8221;4.19.1&#8243; _module_preset=&#8221;default&#8221; global_colors_info=&#8221;{}&#8221;][\/et_pb_gallery][\/et_pb_column][et_pb_column type=&#8221;1_2&#8243; _builder_version=&#8221;4.19.1&#8243; _module_preset=&#8221;default&#8221; global_colors_info=&#8221;{}&#8221;][et_pb_text _builder_version=&#8221;4.19.1&#8243; _module_preset=&#8221;default&#8221; global_colors_info=&#8221;{}&#8221;]<\/p>\n<h2>Biomass Boiler in NAFOSA<\/h2>\n<p><strong>Nafosa is the largest fodder industry with European capital, <\/strong>and one of its 5 plants is located in Peralta. They are mainly dedicated to the ecological production of alfalfa and fodder, producing high quality products, mainly oriented to animal feed in production farms.<\/p>\n<p>As part of their policy of ecological production and reducing their carbon footprint, as well as the economic benefits that this could bring, <strong>15 years ago they decided to change the diesel boiler <\/strong>they were using for a biomass boiler. Seven years ago, <strong>they replaced it with another biomass boiler, also with biomass, but with greater power, as production increased.<\/strong><\/p>\n<p>They consider the installation of biomass in their industry to be <strong>a highly recommendable option<\/strong>, both in terms of economic performance and environmental benefits.<\/p>\n<p>[\/et_pb_text][\/et_pb_column][\/et_pb_row][\/et_pb_section][et_pb_section fb_built=&#8221;1&#8243; _builder_version=&#8221;4.19.1&#8243; _module_preset=&#8221;default&#8221; background_color=&#8221;rgba(165,196,0,0.07)&#8221; custom_padding=&#8221;40px|||||&#8221; locked=&#8221;off&#8221; global_colors_info=&#8221;{}&#8221;][et_pb_row _builder_version=&#8221;4.19.1&#8243; _module_preset=&#8221;default&#8221; global_colors_info=&#8221;{}&#8221;][et_pb_column type=&#8221;4_4&#8243; _builder_version=&#8221;4.19.1&#8243; _module_preset=&#8221;default&#8221; global_colors_info=&#8221;{}&#8221;][et_pb_text _builder_version=&#8221;4.19.1&#8243; _module_preset=&#8221;default&#8221; global_colors_info=&#8221;{}&#8221;]<\/p>\n<h3 style=\"text-align: center;\">Are you interested? If you would like to be like these companies contact Biomasa Navarra<\/h3>\n<p>[\/et_pb_text][\/et_pb_column][\/et_pb_row][et_pb_row column_structure=&#8221;1_3,2_3&#8243; _builder_version=&#8221;4.19.1&#8243; _module_preset=&#8221;default&#8221; global_colors_info=&#8221;{}&#8221;][et_pb_column type=&#8221;1_3&#8243; _builder_version=&#8221;4.19.1&#8243; _module_preset=&#8221;default&#8221; global_colors_info=&#8221;{}&#8221;][et_pb_text _builder_version=&#8221;4.19.1&#8243; _module_preset=&#8221;default&#8221; text_text_color=&#8221;#FFFFFF&#8221; header_text_color=&#8221;#FFFFFF&#8221; header_3_text_color=&#8221;#FFFFFF&#8221; header_3_line_height=&#8221;1.7em&#8221; header_4_line_height=&#8221;1.2em&#8221; header_5_line_height=&#8221;1.4em&#8221; use_background_color_gradient=&#8221;on&#8221; background_color_gradient_stops=&#8221;#a5c400 0%|#009d30 100%&#8221; custom_margin=&#8221;15px||||false|false&#8221; custom_padding=&#8221;24px|34px|24px|26px|false|false&#8221; border_radii=&#8221;on|7px|7px|7px|7px&#8221; box_shadow_style=&#8221;preset3&#8243; locked=&#8221;off&#8221; global_colors_info=&#8221;{}&#8221;]<\/p>\n<h3><strong>Leave us your details and we will contact you.<\/strong><\/h3>\n<p>[\/et_pb_text][\/et_pb_column][et_pb_column type=&#8221;2_3&#8243; _builder_version=&#8221;4.19.1&#8243; _module_preset=&#8221;default&#8221; background_color=&#8221;#FFFFFF&#8221; custom_padding=&#8221;20px|40px|20px|40px|true|true&#8221; border_radii=&#8221;on|9px|9px|9px|9px&#8221; box_shadow_style=&#8221;preset1&#8243; box_shadow_horizontal=&#8221;11px&#8221; box_shadow_vertical=&#8221;13px&#8221; box_shadow_blur=&#8221;26px&#8221; box_shadow_spread=&#8221;-1px&#8221; global_colors_info=&#8221;{}&#8221;][et_pb_code _builder_version=&#8221;4.19.1&#8243; _module_preset=&#8221;default&#8221; hover_enabled=&#8221;0&#8243; global_colors_info=&#8221;{}&#8221; sticky_enabled=&#8221;0&#8243;]<div class=\"wpforms-container wpforms-container-full\" id=\"wpforms-243622\"><form id=\"wpforms-form-243622\" class=\"wpforms-validate wpforms-form wpforms-ajax-form\" data-formid=\"243622\" method=\"post\" enctype=\"multipart\/form-data\" action=\"\/en\/wp-json\/wp\/v2\/pages\/243542\" data-token=\"d1af6439f066c27348558f490f9b1d19\" data-token-time=\"1776864432\"><noscript class=\"wpforms-error-noscript\">Please enable JavaScript in your browser to complete this form.<\/noscript><div class=\"wpforms-field-container\"><div id=\"wpforms-243622-field_0-container\" class=\"wpforms-field wpforms-field-name\" data-field-id=\"0\"><label class=\"wpforms-field-label\">Name <span class=\"wpforms-required-label\">*<\/span><\/label><div class=\"wpforms-field-row wpforms-field-medium\"><div class=\"wpforms-field-row-block wpforms-first wpforms-one-half\"><input type=\"text\" id=\"wpforms-243622-field_0\" class=\"wpforms-field-name-first wpforms-field-required\" name=\"wpforms[fields][0][first]\" required><label for=\"wpforms-243622-field_0\" class=\"wpforms-field-sublabel after\">First<\/label><\/div><div class=\"wpforms-field-row-block wpforms-one-half\"><input type=\"text\" id=\"wpforms-243622-field_0-last\" class=\"wpforms-field-name-last wpforms-field-required\" name=\"wpforms[fields][0][last]\" required><label for=\"wpforms-243622-field_0-last\" class=\"wpforms-field-sublabel after\">Last<\/label><\/div><\/div><\/div><div id=\"wpforms-243622-field_3-container\" class=\"wpforms-field wpforms-field-number\" data-field-id=\"3\"><label class=\"wpforms-field-label\" for=\"wpforms-243622-field_3\">Phone number <span class=\"wpforms-required-label\">*<\/span><\/label><input type=\"number\" id=\"wpforms-243622-field_3\" class=\"wpforms-field-medium wpforms-field-required\" name=\"wpforms[fields][3]\" step=\"any\" required><\/div><div id=\"wpforms-243622-field_1-container\" class=\"wpforms-field wpforms-field-email\" data-field-id=\"1\"><label class=\"wpforms-field-label\" for=\"wpforms-243622-field_1\">E-mail address <span class=\"wpforms-required-label\">*<\/span><\/label><input type=\"email\" id=\"wpforms-243622-field_1\" class=\"wpforms-field-medium wpforms-field-required\" name=\"wpforms[fields][1]\" spellcheck=\"false\" required><\/div><div id=\"wpforms-243622-field_2-container\" class=\"wpforms-field wpforms-field-textarea\" data-field-id=\"2\"><label class=\"wpforms-field-label\" for=\"wpforms-243622-field_2\">Comment or message<\/label><textarea id=\"wpforms-243622-field_2\" class=\"wpforms-field-medium\" name=\"wpforms[fields][2]\" ><\/textarea><\/div><\/div><!-- .wpforms-field-container --><div class=\"wpforms-submit-container\" ><input type=\"hidden\" name=\"wpforms[id]\" value=\"243622\"><input type=\"hidden\" name=\"page_title\" value=\"\"><input type=\"hidden\" name=\"page_url\" value=\"https:\/\/biomasanavarra.com\/en\/wp-json\/wp\/v2\/pages\/243542\"><input type=\"hidden\" name=\"url_referer\" value=\"\"><button type=\"submit\" name=\"wpforms[submit]\" id=\"wpforms-submit-243622\" class=\"wpforms-submit\" data-alt-text=\"Enviando...\" data-submit-text=\"Send\" aria-live=\"assertive\" value=\"wpforms-submit\">Send<\/button><img loading=\"lazy\" decoding=\"async\" src=\"https:\/\/biomasanavarra.com\/wp-content\/plugins\/wpforms-lite\/assets\/images\/submit-spin.svg\" class=\"wpforms-submit-spinner\" style=\"display: none;\" width=\"26\" height=\"26\" alt=\"Loading\"><\/div><\/form><\/div>  <!-- .wpforms-container -->[\/et_pb_code][\/et_pb_column][\/et_pb_row][\/et_pb_section]<\/p>\n","protected":false},"excerpt":{"rendered":"<p>Biomass Boiler in NAFOSA Nafosa is the largest fodder industry with European capital, and one of its 5 plants is located in Peralta. They are mainly dedicated to the ecological production of alfalfa and fodder, producing high quality products, mainly oriented to animal feed in production farms. As part of their policy of ecological production [&hellip;]<\/p>\n","protected":false},"author":2,"featured_media":0,"parent":243531,"menu_order":0,"comment_status":"closed","ping_status":"closed","template":"","meta":{"_acf_changed":false,"_et_pb_use_builder":"on","_et_pb_old_content":"<p>[et_pb_section fb_built=\"1\" next_background_color=\"#ffffff\" _builder_version=\"4.19.1\" _module_preset=\"default\" background_enable_color=\"off\" use_background_color_gradient=\"on\" background_color_gradient_stops=\"rgba(255,206,0,0) 20%|#a5c400 100%\" custom_padding=\"24px||67px|||\" bottom_divider_style=\"curve\" locked=\"off\" global_colors_info=\"{}\"][et_pb_row _builder_version=\"4.19.1\" _module_preset=\"default\" custom_padding=\"||36px|||\" global_colors_info=\"{}\"][et_pb_column type=\"4_4\" _builder_version=\"4.19.1\" _module_preset=\"default\" global_colors_info=\"{}\"][et_pb_post_title meta=\"off\" featured_image=\"off\" _builder_version=\"4.19.1\" _module_preset=\"default\" text_orientation=\"center\" global_colors_info=\"{}\"][\/et_pb_post_title][\/et_pb_column][\/et_pb_row][\/et_pb_section][et_pb_section fb_built=\"1\" _builder_version=\"4.19.1\" _module_preset=\"default\" locked=\"off\" global_colors_info=\"{}\"][et_pb_row column_structure=\"1_2,1_2\" _builder_version=\"4.19.1\" _module_preset=\"default\" global_colors_info=\"{}\"][et_pb_column type=\"1_2\" _builder_version=\"4.19.1\" _module_preset=\"default\" global_colors_info=\"{}\"][et_pb_gallery gallery_ids=\"242990,242981,242975,242978,242984,242987\" fullwidth=\"on\" _builder_version=\"4.19.1\" _module_preset=\"default\" global_colors_info=\"{}\"][\/et_pb_gallery][\/et_pb_column][et_pb_column type=\"1_2\" _builder_version=\"4.19.1\" _module_preset=\"default\" global_colors_info=\"{}\"][et_pb_text _builder_version=\"4.19.1\" _module_preset=\"default\" global_colors_info=\"{}\"]<\/p><h2>Caldera de Biomasa en NAFOSA<\/h2><p><strong>Nafosa es la mayor industria forrajera con capital Europeo,<\/strong> y una de sus 5 plantas se ubica en Peralta. Se dedican principalmente a la producci\u00f3n ecol\u00f3gica de alfalfa y forrajes, elaborando productos de alta calidad, orientados principalmente a la alimentaci\u00f3n animal en granjas productoras.<\/p><p>Dentro de su pol\u00edtica de producci\u00f3n ecol\u00f3gica y tambi\u00e9n de descarbonizaci\u00f3n, adem\u00e1s de los beneficios econ\u00f3micos que podr\u00edan traer, <strong>decidieron hace 15 a\u00f1os cambiar la caldera de gasoil<\/strong> que utilizaban por una de biomasa. Y hace 7 a\u00f1os, <strong>la sustituyeron por otra tambi\u00e9n de biomasa pero de mayor potencia, al incrementarse su producci\u00f3n.<\/strong><\/p><p>Ellos consideran <strong>una opci\u00f3n m\u00e1s que recomendable<\/strong> la instalaci\u00f3n de la biomasa en su industria, tanto con respecto a los resultados econ\u00f3micos como a los beneficios medioambientales que aportan.<\/p><p>[\/et_pb_text][\/et_pb_column][\/et_pb_row][\/et_pb_section][et_pb_section fb_built=\"1\" _builder_version=\"4.19.1\" _module_preset=\"default\" background_color=\"rgba(165,196,0,0.07)\" custom_padding=\"40px|||||\" locked=\"off\" global_colors_info=\"{}\"][et_pb_row _builder_version=\"4.19.1\" _module_preset=\"default\" global_colors_info=\"{}\"][et_pb_column type=\"4_4\" _builder_version=\"4.19.1\" _module_preset=\"default\" global_colors_info=\"{}\"][et_pb_text _builder_version=\"4.19.1\" _module_preset=\"default\" global_colors_info=\"{}\"]<\/p><h3 style=\"text-align: center;\">\u00bfTe interesa? Si quieres ser como estas empresas contacta con Biomasa Navarra<\/h3><p>[\/et_pb_text][\/et_pb_column][\/et_pb_row][et_pb_row column_structure=\"1_3,2_3\" _builder_version=\"4.19.1\" _module_preset=\"default\" global_colors_info=\"{}\"][et_pb_column type=\"1_3\" _builder_version=\"4.19.1\" _module_preset=\"default\" global_colors_info=\"{}\"][et_pb_text _builder_version=\"4.19.1\" _module_preset=\"default\" text_text_color=\"#FFFFFF\" header_text_color=\"#FFFFFF\" header_3_text_color=\"#FFFFFF\" header_3_line_height=\"1.7em\" header_4_line_height=\"1.2em\" header_5_line_height=\"1.4em\" use_background_color_gradient=\"on\" background_color_gradient_stops=\"#a5c400 0%|#009d30 100%\" custom_margin=\"15px||||false|false\" custom_padding=\"24px|34px|24px|26px|false|false\" border_radii=\"on|7px|7px|7px|7px\" box_shadow_style=\"preset3\" locked=\"off\" global_colors_info=\"{}\"]<\/p><h3><strong>D\u00e9janos tus datos y nos pondremos en contacto contigo.<\/strong><\/h3><p>[\/et_pb_text][\/et_pb_column][et_pb_column type=\"2_3\" _builder_version=\"4.19.1\" _module_preset=\"default\" background_color=\"#FFFFFF\" custom_padding=\"20px|40px|20px|40px|true|true\" border_radii=\"on|9px|9px|9px|9px\" box_shadow_style=\"preset1\" box_shadow_horizontal=\"11px\" box_shadow_vertical=\"13px\" box_shadow_blur=\"26px\" box_shadow_spread=\"-1px\" global_colors_info=\"{}\"][et_pb_code _builder_version=\"4.19.1\" _module_preset=\"default\" global_colors_info=\"{}\"][wpforms id=\"242670\"][\/et_pb_code][\/et_pb_column][\/et_pb_row][\/et_pb_section][et_pb_section fb_built=\"1\" _builder_version=\"4.16\" global_module=\"243292\" locked=\"off\" global_colors_info=\"{}\"][et_pb_row column_structure=\"1_4,1_4,1_2\" _builder_version=\"4.19.1\" _module_preset=\"default\" global_colors_info=\"{}\"][et_pb_column type=\"1_4\" _builder_version=\"4.19.1\" _module_preset=\"default\" global_colors_info=\"{}\"][et_pb_image src=\"http:\/\/biomasanavarra.com\/wp-content\/uploads\/2022\/11\/BIOMASA2.png\" title_text=\"BIOMASA2\" _builder_version=\"4.19.1\" _module_preset=\"default\" width=\"80%\" locked=\"off\" global_colors_info=\"{}\"][\/et_pb_image][\/et_pb_column][et_pb_column type=\"1_4\" _builder_version=\"4.19.1\" _module_preset=\"default\" global_colors_info=\"{}\"][et_pb_image src=\"http:\/\/biomasanavarra.com\/wp-content\/uploads\/2023\/01\/GOB-Navarra-Agenda-2030.png\" title_text=\"GOB-Navarra-Agenda-2030\" _builder_version=\"4.19.1\" _module_preset=\"default\" locked=\"off\" global_colors_info=\"{}\"][\/et_pb_image][\/et_pb_column][et_pb_column type=\"1_2\" _builder_version=\"4.19.1\" _module_preset=\"default\" global_colors_info=\"{}\"][et_pb_button button_text=\"CONTACTA CON BIOMASA NAVARRA\" button_alignment=\"center\" _builder_version=\"4.19.1\" _module_preset=\"default\" custom_button=\"on\" button_text_color=\"#FFFFFF\" button_bg_color=\"#F08A00\" button_border_width=\"0px\" button_border_radius=\"7px\" animation_style=\"zoom\" animation_duration=\"400ms\" box_shadow_style=\"preset3\" box_shadow_spread=\"-12px\" box_shadow_color=\"rgba(112,112,112,0.3)\" locked=\"off\" global_colors_info=\"{}\"][\/et_pb_button][et_pb_social_media_follow _builder_version=\"4.19.1\" _module_preset=\"default\" text_orientation=\"center\" locked=\"off\" global_colors_info=\"{}\"][et_pb_social_media_follow_network social_network=\"linkedin\" url=\"https:\/\/www.linkedin.com\/company\/desarrolloecononiconavarra\/\" _builder_version=\"4.19.1\" _module_preset=\"default\" background_color=\"#007bb6\" global_colors_info=\"{}\" follow_button=\"off\" url_new_window=\"on\"]linkedin[\/et_pb_social_media_follow_network][\/et_pb_social_media_follow][\/et_pb_column][\/et_pb_row][\/et_pb_section]<\/p>","_et_gb_content_width":"","footnotes":""},"class_list":["post-243542","page","type-page","status-publish","hentry"],"acf":[],"_links":{"self":[{"href":"https:\/\/biomasanavarra.com\/en\/wp-json\/wp\/v2\/pages\/243542","targetHints":{"allow":["GET"]}}],"collection":[{"href":"https:\/\/biomasanavarra.com\/en\/wp-json\/wp\/v2\/pages"}],"about":[{"href":"https:\/\/biomasanavarra.com\/en\/wp-json\/wp\/v2\/types\/page"}],"author":[{"embeddable":true,"href":"https:\/\/biomasanavarra.com\/en\/wp-json\/wp\/v2\/users\/2"}],"replies":[{"embeddable":true,"href":"https:\/\/biomasanavarra.com\/en\/wp-json\/wp\/v2\/comments?post=243542"}],"version-history":[{"count":6,"href":"https:\/\/biomasanavarra.com\/en\/wp-json\/wp\/v2\/pages\/243542\/revisions"}],"predecessor-version":[{"id":243629,"href":"https:\/\/biomasanavarra.com\/en\/wp-json\/wp\/v2\/pages\/243542\/revisions\/243629"}],"up":[{"embeddable":true,"href":"https:\/\/biomasanavarra.com\/en\/wp-json\/wp\/v2\/pages\/243531"}],"wp:attachment":[{"href":"https:\/\/biomasanavarra.com\/en\/wp-json\/wp\/v2\/media?parent=243542"}],"curies":[{"name":"wp","href":"https:\/\/api.w.org\/{rel}","templated":true}]}}