{"id":243082,"date":"2022-12-13T22:46:17","date_gmt":"2022-12-13T22:46:17","guid":{"rendered":"http:\/\/biomasanavarra.com\/?page_id=243082"},"modified":"2023-03-22T12:53:06","modified_gmt":"2023-03-22T12:53:06","slug":"ayudas-para-la-financiacion-de-proyectos-de-eficiencia-energetica-y-economia-circular-en-empresas-turisticas","status":"publish","type":"page","link":"https:\/\/biomasanavarra.com\/en\/ayudas\/ayudas-para-la-financiacion-de-proyectos-de-eficiencia-energetica-y-economia-circular-en-empresas-turisticas\/","title":{"rendered":"Ayudas para la financiaci\u00f3n de proyectos de eficiencia energ\u00e9tica y econom\u00eda circular en empresas tur\u00edsticas"},"content":{"rendered":"<p>[et_pb_section fb_built=&#8221;1&#8243; next_background_color=&#8221;#ffffff&#8221; _builder_version=&#8221;4.19.1&#8243; _module_preset=&#8221;default&#8221; background_enable_color=&#8221;off&#8221; use_background_color_gradient=&#8221;on&#8221; background_color_gradient_stops=&#8221;rgba(255,206,0,0) 20%|#a5c400 100%&#8221; custom_padding=&#8221;24px||67px|||&#8221; bottom_divider_style=&#8221;curve&#8221; locked=&#8221;off&#8221; global_colors_info=&#8221;{}&#8221;][et_pb_row column_structure=&#8221;2_5,3_5&#8243; _builder_version=&#8221;4.19.1&#8243; _module_preset=&#8221;default&#8221; custom_padding=&#8221;||36px|||&#8221; global_colors_info=&#8221;{}&#8221;][et_pb_column type=&#8221;2_5&#8243; _builder_version=&#8221;4.19.1&#8243; _module_preset=&#8221;default&#8221; global_colors_info=&#8221;{}&#8221;][et_pb_image src=&#8221;http:\/\/biomasanavarra.com\/wp-content\/uploads\/2022\/12\/ayudas-.gif&#8221; title_text=&#8221;ayudas-&#8221; align=&#8221;center&#8221; _builder_version=&#8221;4.19.1&#8243; _module_preset=&#8221;default&#8221; width=&#8221;38%&#8221; global_colors_info=&#8221;{}&#8221;][\/et_pb_image][\/et_pb_column][et_pb_column type=&#8221;3_5&#8243; _builder_version=&#8221;4.19.1&#8243; _module_preset=&#8221;default&#8221; global_colors_info=&#8221;{}&#8221;][et_pb_post_title meta=&#8221;off&#8221; featured_image=&#8221;off&#8221; _builder_version=&#8221;4.19.1&#8243; _module_preset=&#8221;default&#8221; global_colors_info=&#8221;{}&#8221;][\/et_pb_post_title][\/et_pb_column][\/et_pb_row][\/et_pb_section][et_pb_section fb_built=&#8221;1&#8243; _builder_version=&#8221;4.19.1&#8243; _module_preset=&#8221;default&#8221; global_colors_info=&#8221;{}&#8221;][et_pb_row column_structure=&#8221;2_5,3_5&#8243; _builder_version=&#8221;4.19.1&#8243; _module_preset=&#8221;default&#8221; global_colors_info=&#8221;{}&#8221;][et_pb_column type=&#8221;2_5&#8243; _builder_version=&#8221;4.19.1&#8243; _module_preset=&#8221;default&#8221; global_colors_info=&#8221;{}&#8221;][\/et_pb_column][et_pb_column type=&#8221;3_5&#8243; _builder_version=&#8221;4.19.1&#8243; _module_preset=&#8221;default&#8221; global_colors_info=&#8221;{}&#8221;][et_pb_text _builder_version=&#8221;4.19.1&#8243; _module_preset=&#8221;default&#8221; global_colors_info=&#8221;{}&#8221;]<\/p>\n<h2><strong>Dirigido a:<\/strong><\/h2>\n<ul>\n<li><span style=\"font-weight: 400;\">Personas f\u00edsicas o jur\u00eddicas de naturaleza privada que sean propietarias de edificios existentes destinados a alojamiento tur\u00edstico.<\/span><\/li>\n<li><span style=\"font-weight: 400;\">Empresas explotadoras, arrendatarias o concesionarias de edificios destinados a alojamiento tur\u00edstico.<\/span><\/li>\n<\/ul>\n<p>&nbsp;<\/p>\n<h2><strong>Actuaciones subvencionables:<\/strong><\/h2>\n<p><span style=\"font-weight: 400;\">Financiaci\u00f3n de actuaciones que consigan y justifiquen una reducci\u00f3n del consumo de energ\u00eda primaria no renovable del 30 % con respecto a la situaci\u00f3n de partida.<\/span><\/p>\n<p><span style=\"font-weight: 400;\">Esta reducci\u00f3n se justificar\u00e1 mediante el certificado de eficiencia energ\u00e9tica del edificio existente en su estado actual y el alcanzado tras la reforma.<\/span><br \/>\n[\/et_pb_text][et_pb_button button_url=&#8221;https:\/\/www.navarra.es\/es\/tramites\/on\/-\/line\/ayudas-para-la-financiacion-de-proyectos-de-eficiencia-energetica-y-economia-circular-en-empresas-turisticas&#8221; button_text=&#8221;ACCESO FICHA WEB&#8221; button_alignment=&#8221;center&#8221; _builder_version=&#8221;4.19.1&#8243; _module_preset=&#8221;default&#8221; custom_button=&#8221;on&#8221; button_text_size=&#8221;14px&#8221; button_text_color=&#8221;#FFFFFF&#8221; button_bg_color=&#8221;#F08A00&#8243; button_border_width=&#8221;0px&#8221; button_border_radius=&#8221;50px&#8221; button_letter_spacing=&#8221;1px&#8221; button_font=&#8221;Poppins|||on|||||&#8221; button_icon=&#8221;&#x24;||divi||400&#8243; custom_padding=&#8221;9px|27px|9px|27px|true|true&#8221; box_shadow_style=&#8221;preset1&#8243; box_shadow_horizontal=&#8221;3px&#8221; box_shadow_vertical=&#8221;3px&#8221; box_shadow_blur=&#8221;15px&#8221; locked=&#8221;off&#8221; global_colors_info=&#8221;{}&#8221; box_shadow_horizontal__hover_enabled=&#8221;off|hover&#8221; box_shadow_vertical__hover_enabled=&#8221;off|hover&#8221; box_shadow_blur__hover_enabled=&#8221;off|hover&#8221;][\/et_pb_button][\/et_pb_column][\/et_pb_row][\/et_pb_section]<\/p>\n","protected":false},"excerpt":{"rendered":"<p>Dirigido a: Personas f\u00edsicas o jur\u00eddicas de naturaleza privada que sean propietarias de edificios existentes destinados a alojamiento tur\u00edstico. Empresas explotadoras, arrendatarias o concesionarias de edificios destinados a alojamiento tur\u00edstico. &nbsp; Actuaciones subvencionables: Financiaci\u00f3n de actuaciones que consigan y justifiquen una reducci\u00f3n del consumo de energ\u00eda primaria no renovable del 30 % con respecto a [&hellip;]<\/p>\n","protected":false},"author":2,"featured_media":0,"parent":243074,"menu_order":0,"comment_status":"closed","ping_status":"closed","template":"","meta":{"_acf_changed":false,"_et_pb_use_builder":"on","_et_pb_old_content":"<p>[et_pb_section fb_built=\"1\" next_background_color=\"#ffffff\" _builder_version=\"4.19.1\" _module_preset=\"default\" background_enable_color=\"off\" use_background_color_gradient=\"on\" background_color_gradient_stops=\"rgba(255,206,0,0) 20%|#a5c400 100%\" custom_padding=\"24px||67px|||\" bottom_divider_style=\"curve\" locked=\"off\" global_colors_info=\"{}\"][et_pb_row column_structure=\"2_5,3_5\" _builder_version=\"4.19.1\" _module_preset=\"default\" custom_padding=\"||36px|||\" global_colors_info=\"{}\"][et_pb_column type=\"2_5\" _builder_version=\"4.19.1\" _module_preset=\"default\" global_colors_info=\"{}\"][et_pb_image src=\"http:\/\/biomasanavarra.com\/wp-content\/uploads\/2022\/12\/ayudas-.gif\" title_text=\"ayudas-\" align=\"center\" _builder_version=\"4.19.1\" _module_preset=\"default\" width=\"38%\" global_colors_info=\"{}\"][\/et_pb_image][\/et_pb_column][et_pb_column type=\"3_5\" _builder_version=\"4.19.1\" _module_preset=\"default\" global_colors_info=\"{}\"][et_pb_post_title meta=\"off\" featured_image=\"off\" _builder_version=\"4.19.1\" _module_preset=\"default\" global_colors_info=\"{}\"][\/et_pb_post_title][\/et_pb_column][\/et_pb_row][\/et_pb_section][et_pb_section fb_built=\"1\" _builder_version=\"4.19.1\" _module_preset=\"default\" global_colors_info=\"{}\"][et_pb_row column_structure=\"2_5,3_5\" _builder_version=\"4.19.1\" _module_preset=\"default\" global_colors_info=\"{}\"][et_pb_column type=\"2_5\" _builder_version=\"4.19.1\" _module_preset=\"default\" global_colors_info=\"{}\"][\/et_pb_column][et_pb_column type=\"3_5\" _builder_version=\"4.19.1\" _module_preset=\"default\" global_colors_info=\"{}\"][et_pb_text _builder_version=\"4.19.1\" _module_preset=\"default\" global_colors_info=\"{}\"]<\/p><h2><strong>Dirigido a:<\/strong><\/h2><ul><li><span style=\"font-weight: 400;\">Personas f\u00edsicas o jur\u00eddicas de naturaleza privada que sean propietarias de edificios existentes destinados a alojamiento tur\u00edstico.<\/span><\/li><li><span style=\"font-weight: 400;\">Empresas explotadoras, arrendatarias o concesionarias de edificios destinados a alojamiento tur\u00edstico.<\/span><\/li><\/ul><p>\u00a0<\/p><h2><strong>Actuaciones subvencionables:<\/strong><\/h2><p><span style=\"font-weight: 400;\">Financiaci\u00f3n de actuaciones que consigan y justifiquen una reducci\u00f3n del consumo de energ\u00eda primaria no renovable del 30 % con respecto a la situaci\u00f3n de partida.<\/span><\/p><p><span style=\"font-weight: 400;\">Esta reducci\u00f3n se justificar\u00e1 mediante el certificado de eficiencia energ\u00e9tica del edificio existente en su estado actual y el alcanzado tras la reforma.<\/span><\/p><p>[\/et_pb_text][et_pb_button button_url=\"https:\/\/www.navarra.es\/es\/tramites\/on\/-\/line\/ayudas-para-la-financiacion-de-proyectos-de-eficiencia-energetica-y-economia-circular-en-empresas-turisticas\" button_text=\"ACCESO FICHA WEB\" button_alignment=\"center\" _builder_version=\"4.19.1\" _module_preset=\"default\" custom_button=\"on\" button_text_size=\"14px\" button_text_color=\"#FFFFFF\" button_bg_color=\"#F08A00\" button_border_width=\"0px\" button_border_radius=\"50px\" button_letter_spacing=\"1px\" button_font=\"Poppins|||on|||||\" button_icon=\"$||divi||400\" custom_padding=\"9px|27px|9px|27px|true|true\" hover_enabled=\"0\" box_shadow_style=\"preset1\" box_shadow_horizontal=\"3px\" box_shadow_vertical=\"3px\" box_shadow_blur=\"15px\" locked=\"off\" global_colors_info=\"{}\" box_shadow_horizontal__hover_enabled=\"off|hover\" box_shadow_vertical__hover_enabled=\"off|hover\" box_shadow_blur__hover_enabled=\"off|hover\" sticky_enabled=\"0\"][\/et_pb_button][\/et_pb_column][\/et_pb_row][\/et_pb_section]<\/p>","_et_gb_content_width":"","footnotes":""},"class_list":["post-243082","page","type-page","status-publish","hentry"],"acf":[],"_links":{"self":[{"href":"https:\/\/biomasanavarra.com\/en\/wp-json\/wp\/v2\/pages\/243082","targetHints":{"allow":["GET"]}}],"collection":[{"href":"https:\/\/biomasanavarra.com\/en\/wp-json\/wp\/v2\/pages"}],"about":[{"href":"https:\/\/biomasanavarra.com\/en\/wp-json\/wp\/v2\/types\/page"}],"author":[{"embeddable":true,"href":"https:\/\/biomasanavarra.com\/en\/wp-json\/wp\/v2\/users\/2"}],"replies":[{"embeddable":true,"href":"https:\/\/biomasanavarra.com\/en\/wp-json\/wp\/v2\/comments?post=243082"}],"version-history":[{"count":2,"href":"https:\/\/biomasanavarra.com\/en\/wp-json\/wp\/v2\/pages\/243082\/revisions"}],"predecessor-version":[{"id":243085,"href":"https:\/\/biomasanavarra.com\/en\/wp-json\/wp\/v2\/pages\/243082\/revisions\/243085"}],"up":[{"embeddable":true,"href":"https:\/\/biomasanavarra.com\/en\/wp-json\/wp\/v2\/pages\/243074"}],"wp:attachment":[{"href":"https:\/\/biomasanavarra.com\/en\/wp-json\/wp\/v2\/media?parent=243082"}],"curies":[{"name":"wp","href":"https:\/\/api.w.org\/{rel}","templated":true}]}}